{"id":858,"date":"2025-06-20T02:12:09","date_gmt":"2025-06-20T02:12:09","guid":{"rendered":"https:\/\/jvafiscalistas.com\/?page_id=858"},"modified":"2025-06-20T05:10:30","modified_gmt":"2025-06-20T05:10:30","slug":"videoteca-derechos-humanos","status":"publish","type":"page","link":"https:\/\/jvafiscalistas.com\/en\/videoteca-derechos-humanos\/","title":{"rendered":"Videoteca: Derechos Humanos"},"content":{"rendered":"<div class=\"wp-block-columns is-layout-flex wp-container-core-columns-is-layout-9d6595d7 wp-block-columns-is-layout-flex\">\n<div class=\"wp-block-column is-layout-flow wp-block-column-is-layout-flow\">\n<div class=\"wp-block-cover\"><img data-recalc-dims=\"1\" loading=\"lazy\" decoding=\"async\" width=\"640\" height=\"427\" class=\"wp-block-cover__image-background wp-image-101\" alt=\"\" src=\"https:\/\/i0.wp.com\/jvafiscalistas.com\/wp-content\/uploads\/2022\/11\/miftakhul-rizki-gUfC5L-ROPg-unsplash-1024x683.webp?resize=640%2C427&#038;ssl=1\" data-object-fit=\"cover\" srcset=\"https:\/\/i0.wp.com\/jvafiscalistas.com\/wp-content\/uploads\/2022\/11\/miftakhul-rizki-gUfC5L-ROPg-unsplash-scaled.webp?resize=1024%2C683&amp;ssl=1 1024w, https:\/\/i0.wp.com\/jvafiscalistas.com\/wp-content\/uploads\/2022\/11\/miftakhul-rizki-gUfC5L-ROPg-unsplash-scaled.webp?resize=300%2C200&amp;ssl=1 300w, https:\/\/i0.wp.com\/jvafiscalistas.com\/wp-content\/uploads\/2022\/11\/miftakhul-rizki-gUfC5L-ROPg-unsplash-scaled.webp?resize=768%2C512&amp;ssl=1 768w, https:\/\/i0.wp.com\/jvafiscalistas.com\/wp-content\/uploads\/2022\/11\/miftakhul-rizki-gUfC5L-ROPg-unsplash-scaled.webp?resize=1536%2C1024&amp;ssl=1 1536w, https:\/\/i0.wp.com\/jvafiscalistas.com\/wp-content\/uploads\/2022\/11\/miftakhul-rizki-gUfC5L-ROPg-unsplash-scaled.webp?resize=2048%2C1365&amp;ssl=1 2048w, https:\/\/i0.wp.com\/jvafiscalistas.com\/wp-content\/uploads\/2022\/11\/miftakhul-rizki-gUfC5L-ROPg-unsplash-scaled.webp?resize=18%2C12&amp;ssl=1 18w, https:\/\/i0.wp.com\/jvafiscalistas.com\/wp-content\/uploads\/2022\/11\/miftakhul-rizki-gUfC5L-ROPg-unsplash-scaled.webp?resize=600%2C400&amp;ssl=1 600w, https:\/\/i0.wp.com\/jvafiscalistas.com\/wp-content\/uploads\/2022\/11\/miftakhul-rizki-gUfC5L-ROPg-unsplash-scaled.webp?w=1280&amp;ssl=1 1280w, https:\/\/i0.wp.com\/jvafiscalistas.com\/wp-content\/uploads\/2022\/11\/miftakhul-rizki-gUfC5L-ROPg-unsplash-scaled.webp?w=1920&amp;ssl=1 1920w\" sizes=\"auto, (max-width: 640px) 100vw, 640px\" \/><span aria-hidden=\"true\" class=\"wp-block-cover__background has-background-dim-30 has-background-dim\"><\/span><div class=\"wp-block-cover__inner-container is-layout-flow wp-block-cover-is-layout-flow\">\n<p class=\"has-text-align-center has-large-font-size\">Videoteca: Derechos Humanos<\/p>\n<\/div><\/div>\n<\/div>\n<\/div>\n\n\n\n<p><\/p>","protected":false},"excerpt":{"rendered":"","protected":false},"author":1,"featured_media":0,"parent":0,"menu_order":0,"comment_status":"closed","ping_status":"closed","template":"","meta":{"footnotes":""},"class_list":["post-858","page","type-page","status-publish","hentry"],"featured_image_url":[],"post_author":"Marcos Josu\u00e9 Vargas Estrada","assigned_categories":"","yoast_head":"<!-- This site is optimized with the Yoast SEO plugin v27.4 - https:\/\/yoast.com\/product\/yoast-seo-wordpress\/ -->\n<title>Videoteca: Derechos Humanos - JVA Fiscalistas, S.C.<\/title>\n<meta name=\"robots\" content=\"index, follow, max-snippet:-1, max-image-preview:large, max-video-preview:-1\" \/>\n<link rel=\"canonical\" href=\"https:\/\/jvafiscalistas.com\/en\/videoteca-derechos-humanos\/\" \/>\n<meta property=\"og:locale\" content=\"en_US\" \/>\n<meta property=\"og:type\" content=\"article\" \/>\n<meta property=\"og:title\" content=\"Videoteca: Derechos Humanos - JVA Fiscalistas, S.C.\" \/>\n<meta property=\"og:url\" content=\"https:\/\/jvafiscalistas.com\/en\/videoteca-derechos-humanos\/\" \/>\n<meta property=\"og:site_name\" content=\"JVA Fiscalistas, S.C.\" \/>\n<meta property=\"article:modified_time\" content=\"2025-06-20T05:10:30+00:00\" \/>\n<meta property=\"og:image\" content=\"https:\/\/jvafiscalistas.com\/wp-content\/uploads\/2022\/11\/miftakhul-rizki-gUfC5L-ROPg-unsplash-1024x683.webp\" \/>\n<meta name=\"twitter:card\" content=\"summary_large_image\" \/>\n<meta name=\"twitter:label1\" content=\"Est. reading time\" \/>\n\t<meta name=\"twitter:data1\" content=\"1 minute\" \/>\n<script type=\"application\/ld+json\" class=\"yoast-schema-graph\">{\"@context\":\"https:\\\/\\\/schema.org\",\"@graph\":[{\"@type\":\"WebPage\",\"@id\":\"https:\\\/\\\/jvafiscalistas.com\\\/videoteca-derechos-humanos\\\/\",\"url\":\"https:\\\/\\\/jvafiscalistas.com\\\/videoteca-derechos-humanos\\\/\",\"name\":\"Videoteca: Derechos Humanos - JVA Fiscalistas, S.C.\",\"isPartOf\":{\"@id\":\"https:\\\/\\\/jvafiscalistas.com\\\/#website\"},\"primaryImageOfPage\":{\"@id\":\"https:\\\/\\\/jvafiscalistas.com\\\/videoteca-derechos-humanos\\\/#primaryimage\"},\"image\":{\"@id\":\"https:\\\/\\\/jvafiscalistas.com\\\/videoteca-derechos-humanos\\\/#primaryimage\"},\"thumbnailUrl\":\"https:\\\/\\\/jvafiscalistas.com\\\/wp-content\\\/uploads\\\/2022\\\/11\\\/miftakhul-rizki-gUfC5L-ROPg-unsplash-1024x683.webp\",\"datePublished\":\"2025-06-20T02:12:09+00:00\",\"dateModified\":\"2025-06-20T05:10:30+00:00\",\"breadcrumb\":{\"@id\":\"https:\\\/\\\/jvafiscalistas.com\\\/videoteca-derechos-humanos\\\/#breadcrumb\"},\"inLanguage\":\"en-US\",\"potentialAction\":[{\"@type\":\"ReadAction\",\"target\":[\"https:\\\/\\\/jvafiscalistas.com\\\/videoteca-derechos-humanos\\\/\"]}]},{\"@type\":\"ImageObject\",\"inLanguage\":\"en-US\",\"@id\":\"https:\\\/\\\/jvafiscalistas.com\\\/videoteca-derechos-humanos\\\/#primaryimage\",\"url\":\"https:\\\/\\\/jvafiscalistas.com\\\/wp-content\\\/uploads\\\/2022\\\/11\\\/miftakhul-rizki-gUfC5L-ROPg-unsplash-1024x683.webp\",\"contentUrl\":\"https:\\\/\\\/jvafiscalistas.com\\\/wp-content\\\/uploads\\\/2022\\\/11\\\/miftakhul-rizki-gUfC5L-ROPg-unsplash-1024x683.webp\"},{\"@type\":\"BreadcrumbList\",\"@id\":\"https:\\\/\\\/jvafiscalistas.com\\\/videoteca-derechos-humanos\\\/#breadcrumb\",\"itemListElement\":[{\"@type\":\"ListItem\",\"position\":1,\"name\":\"Home\",\"item\":\"https:\\\/\\\/jvafiscalistas.com\\\/\"},{\"@type\":\"ListItem\",\"position\":2,\"name\":\"Videoteca: Derechos Humanos\"}]},{\"@type\":\"WebSite\",\"@id\":\"https:\\\/\\\/jvafiscalistas.com\\\/#website\",\"url\":\"https:\\\/\\\/jvafiscalistas.com\\\/\",\"name\":\"JVA Fiscalistas, S.C.\",\"description\":\"Despacho especializado en consultor\u00eda de negocios y litigio fiscal\",\"publisher\":{\"@id\":\"https:\\\/\\\/jvafiscalistas.com\\\/#organization\"},\"potentialAction\":[{\"@type\":\"SearchAction\",\"target\":{\"@type\":\"EntryPoint\",\"urlTemplate\":\"https:\\\/\\\/jvafiscalistas.com\\\/?s={search_term_string}\"},\"query-input\":{\"@type\":\"PropertyValueSpecification\",\"valueRequired\":true,\"valueName\":\"search_term_string\"}}],\"inLanguage\":\"en-US\"},{\"@type\":\"Organization\",\"@id\":\"https:\\\/\\\/jvafiscalistas.com\\\/#organization\",\"name\":\"JVA Fiscalistas, S.C.\",\"url\":\"https:\\\/\\\/jvafiscalistas.com\\\/\",\"logo\":{\"@type\":\"ImageObject\",\"inLanguage\":\"en-US\",\"@id\":\"https:\\\/\\\/jvafiscalistas.com\\\/#\\\/schema\\\/logo\\\/image\\\/\",\"url\":\"https:\\\/\\\/jvafiscalistas.com\\\/wp-content\\\/uploads\\\/2022\\\/11\\\/cropped-LOGO-PNG-e1730273159535.png\",\"contentUrl\":\"https:\\\/\\\/jvafiscalistas.com\\\/wp-content\\\/uploads\\\/2022\\\/11\\\/cropped-LOGO-PNG-e1730273159535.png\",\"width\":100,\"height\":100,\"caption\":\"JVA Fiscalistas, S.C.\"},\"image\":{\"@id\":\"https:\\\/\\\/jvafiscalistas.com\\\/#\\\/schema\\\/logo\\\/image\\\/\"}}]}<\/script>\n<!-- \/ Yoast SEO plugin. -->","yoast_head_json":{"title":"Videoteca: Derechos Humanos - JVA Fiscalistas, S.C.","robots":{"index":"index","follow":"follow","max-snippet":"max-snippet:-1","max-image-preview":"max-image-preview:large","max-video-preview":"max-video-preview:-1"},"canonical":"https:\/\/jvafiscalistas.com\/en\/videoteca-derechos-humanos\/","og_locale":"en_US","og_type":"article","og_title":"Videoteca: Derechos Humanos - JVA Fiscalistas, S.C.","og_url":"https:\/\/jvafiscalistas.com\/en\/videoteca-derechos-humanos\/","og_site_name":"JVA Fiscalistas, S.C.","article_modified_time":"2025-06-20T05:10:30+00:00","og_image":[{"url":"https:\/\/jvafiscalistas.com\/wp-content\/uploads\/2022\/11\/miftakhul-rizki-gUfC5L-ROPg-unsplash-1024x683.webp","type":"","width":"","height":""}],"twitter_card":"summary_large_image","twitter_misc":{"Est. reading time":"1 minute"},"schema":{"@context":"https:\/\/schema.org","@graph":[{"@type":"WebPage","@id":"https:\/\/jvafiscalistas.com\/videoteca-derechos-humanos\/","url":"https:\/\/jvafiscalistas.com\/videoteca-derechos-humanos\/","name":"Videoteca: Derechos Humanos - JVA Fiscalistas, S.C.","isPartOf":{"@id":"https:\/\/jvafiscalistas.com\/#website"},"primaryImageOfPage":{"@id":"https:\/\/jvafiscalistas.com\/videoteca-derechos-humanos\/#primaryimage"},"image":{"@id":"https:\/\/jvafiscalistas.com\/videoteca-derechos-humanos\/#primaryimage"},"thumbnailUrl":"https:\/\/jvafiscalistas.com\/wp-content\/uploads\/2022\/11\/miftakhul-rizki-gUfC5L-ROPg-unsplash-1024x683.webp","datePublished":"2025-06-20T02:12:09+00:00","dateModified":"2025-06-20T05:10:30+00:00","breadcrumb":{"@id":"https:\/\/jvafiscalistas.com\/videoteca-derechos-humanos\/#breadcrumb"},"inLanguage":"en-US","potentialAction":[{"@type":"ReadAction","target":["https:\/\/jvafiscalistas.com\/videoteca-derechos-humanos\/"]}]},{"@type":"ImageObject","inLanguage":"en-US","@id":"https:\/\/jvafiscalistas.com\/videoteca-derechos-humanos\/#primaryimage","url":"https:\/\/jvafiscalistas.com\/wp-content\/uploads\/2022\/11\/miftakhul-rizki-gUfC5L-ROPg-unsplash-1024x683.webp","contentUrl":"https:\/\/jvafiscalistas.com\/wp-content\/uploads\/2022\/11\/miftakhul-rizki-gUfC5L-ROPg-unsplash-1024x683.webp"},{"@type":"BreadcrumbList","@id":"https:\/\/jvafiscalistas.com\/videoteca-derechos-humanos\/#breadcrumb","itemListElement":[{"@type":"ListItem","position":1,"name":"Home","item":"https:\/\/jvafiscalistas.com\/"},{"@type":"ListItem","position":2,"name":"Videoteca: Derechos Humanos"}]},{"@type":"WebSite","@id":"https:\/\/jvafiscalistas.com\/#website","url":"https:\/\/jvafiscalistas.com\/","name":"JVA Fiscalistas, S.C.","description":"Despacho especializado en consultor\u00eda de negocios y litigio fiscal","publisher":{"@id":"https:\/\/jvafiscalistas.com\/#organization"},"potentialAction":[{"@type":"SearchAction","target":{"@type":"EntryPoint","urlTemplate":"https:\/\/jvafiscalistas.com\/?s={search_term_string}"},"query-input":{"@type":"PropertyValueSpecification","valueRequired":true,"valueName":"search_term_string"}}],"inLanguage":"en-US"},{"@type":"Organization","@id":"https:\/\/jvafiscalistas.com\/#organization","name":"JVA Fiscalistas, S.C.","url":"https:\/\/jvafiscalistas.com\/","logo":{"@type":"ImageObject","inLanguage":"en-US","@id":"https:\/\/jvafiscalistas.com\/#\/schema\/logo\/image\/","url":"https:\/\/jvafiscalistas.com\/wp-content\/uploads\/2022\/11\/cropped-LOGO-PNG-e1730273159535.png","contentUrl":"https:\/\/jvafiscalistas.com\/wp-content\/uploads\/2022\/11\/cropped-LOGO-PNG-e1730273159535.png","width":100,"height":100,"caption":"JVA Fiscalistas, S.C."},"image":{"@id":"https:\/\/jvafiscalistas.com\/#\/schema\/logo\/image\/"}}]}},"jetpack-related-posts":[{"id":836,"url":"https:\/\/jvafiscalistas.com\/en\/videoteca\/","url_meta":{"origin":858,"position":0},"title":"Videoteca","author":"josuevargas7","date":"June 20, 2025","format":false,"excerpt":"Videoteca Ejes tem\u00e1ticos Impuestos Derecho fiscal Derechos Humanos","rel":"","context":"Similar post","block_context":{"text":"Similar post","link":""},"img":{"alt_text":"","src":"https:\/\/i0.wp.com\/jvafiscalistas.com\/wp-content\/uploads\/2022\/11\/campaign-creators-qCi_MzVODoU-unsplash-1024x679.webp?resize=350%2C200&ssl=1","width":350,"height":200,"srcset":"https:\/\/i0.wp.com\/jvafiscalistas.com\/wp-content\/uploads\/2022\/11\/campaign-creators-qCi_MzVODoU-unsplash-1024x679.webp?resize=350%2C200&ssl=1 1x, https:\/\/i0.wp.com\/jvafiscalistas.com\/wp-content\/uploads\/2022\/11\/campaign-creators-qCi_MzVODoU-unsplash-1024x679.webp?resize=525%2C300&ssl=1 1.5x, https:\/\/i0.wp.com\/jvafiscalistas.com\/wp-content\/uploads\/2022\/11\/campaign-creators-qCi_MzVODoU-unsplash-1024x679.webp?resize=700%2C400&ssl=1 2x"},"classes":[]},{"id":856,"url":"https:\/\/jvafiscalistas.com\/en\/videoteca-derecho-fiscal\/","url_meta":{"origin":858,"position":1},"title":"Videoteca: Derecho Fiscal","author":"josuevargas7","date":"June 20, 2025","format":false,"excerpt":"Videoteca: Derecho Fiscal","rel":"","context":"Similar post","block_context":{"text":"Similar post","link":""},"img":{"alt_text":"","src":"https:\/\/i0.wp.com\/jvafiscalistas.com\/wp-content\/uploads\/2024\/10\/arno-senoner-k6Ro2lhMMTc-unsplash-768x1024.jpg?resize=350%2C200&ssl=1","width":350,"height":200,"srcset":"https:\/\/i0.wp.com\/jvafiscalistas.com\/wp-content\/uploads\/2024\/10\/arno-senoner-k6Ro2lhMMTc-unsplash-768x1024.jpg?resize=350%2C200&ssl=1 1x, https:\/\/i0.wp.com\/jvafiscalistas.com\/wp-content\/uploads\/2024\/10\/arno-senoner-k6Ro2lhMMTc-unsplash-768x1024.jpg?resize=525%2C300&ssl=1 1.5x, https:\/\/i0.wp.com\/jvafiscalistas.com\/wp-content\/uploads\/2024\/10\/arno-senoner-k6Ro2lhMMTc-unsplash-768x1024.jpg?resize=700%2C400&ssl=1 2x"},"classes":[]},{"id":854,"url":"https:\/\/jvafiscalistas.com\/en\/videoteca-impuestos\/","url_meta":{"origin":858,"position":2},"title":"Videoteca: Impuestos","author":"josuevargas7","date":"June 20, 2025","format":false,"excerpt":"Videoteca: Impuestos","rel":"","context":"Similar post","block_context":{"text":"Similar post","link":""},"img":{"alt_text":"","src":"https:\/\/i0.wp.com\/jvafiscalistas.com\/wp-content\/uploads\/2024\/10\/pawel-chu-ULh0i2txBCY-unsplash-1024x768.jpg?resize=350%2C200&ssl=1","width":350,"height":200,"srcset":"https:\/\/i0.wp.com\/jvafiscalistas.com\/wp-content\/uploads\/2024\/10\/pawel-chu-ULh0i2txBCY-unsplash-1024x768.jpg?resize=350%2C200&ssl=1 1x, https:\/\/i0.wp.com\/jvafiscalistas.com\/wp-content\/uploads\/2024\/10\/pawel-chu-ULh0i2txBCY-unsplash-1024x768.jpg?resize=525%2C300&ssl=1 1.5x, https:\/\/i0.wp.com\/jvafiscalistas.com\/wp-content\/uploads\/2024\/10\/pawel-chu-ULh0i2txBCY-unsplash-1024x768.jpg?resize=700%2C400&ssl=1 2x"},"classes":[]},{"id":43,"url":"https:\/\/jvafiscalistas.com\/en\/soluciones\/","url_meta":{"origin":858,"position":3},"title":"Soluciones","author":"josuevargas7","date":"November 10, 2022","format":false,"excerpt":"Soluciones legales y empresariales Derecho fiscal Derecho administrativo Derecho corporativo Propiedad intelectual Contabilidad e impuestos Finanzas corporativas Formaci\u00f3n en Derechos Humanos y Derecho Fiscal para el Desarrollo Empresarial | JVA Instituto","rel":"","context":"Similar post","block_context":{"text":"Similar post","link":""},"img":{"alt_text":"","src":"https:\/\/i0.wp.com\/jvafiscalistas.com\/wp-content\/uploads\/2022\/11\/ant-rozetsky-HXOllTSwrpM-unsplash-1024x576.webp?resize=350%2C200&ssl=1","width":350,"height":200,"srcset":"https:\/\/i0.wp.com\/jvafiscalistas.com\/wp-content\/uploads\/2022\/11\/ant-rozetsky-HXOllTSwrpM-unsplash-1024x576.webp?resize=350%2C200&ssl=1 1x, https:\/\/i0.wp.com\/jvafiscalistas.com\/wp-content\/uploads\/2022\/11\/ant-rozetsky-HXOllTSwrpM-unsplash-1024x576.webp?resize=525%2C300&ssl=1 1.5x, https:\/\/i0.wp.com\/jvafiscalistas.com\/wp-content\/uploads\/2022\/11\/ant-rozetsky-HXOllTSwrpM-unsplash-1024x576.webp?resize=700%2C400&ssl=1 2x"},"classes":[]},{"id":414,"url":"https:\/\/jvafiscalistas.com\/en\/jvainstituto\/","url_meta":{"origin":858,"position":4},"title":"Formaci\u00f3n en Derecho Fiscal | JVA Instituto","author":"josuevargas7","date":"July 3, 2024","format":false,"excerpt":"Instituto de Estudios en Filosof\u00eda Fiscal JVA, S.C. JVA Instituto Conoce la formaci\u00f3n en materia fiscal que JVA tiene para ti Pr\u00f3ximos cursos (on line, v\u00eda Zoom) Software necesario, descargable de manera gratuita aqu\u00ed. Introducci\u00f3n a la teor\u00eda jur\u00eddica de los derechos humanos I: fundamentos filos\u00f3ficos Duraci\u00f3n: 2:00 hr Material\u2026","rel":"","context":"Similar post","block_context":{"text":"Similar post","link":""},"img":{"alt_text":"","src":"https:\/\/i0.wp.com\/jvafiscalistas.com\/wp-content\/uploads\/2022\/11\/nastuh-abootalebi-JdcJn85xD2k-unsplash-1024x684.webp?resize=350%2C200&ssl=1","width":350,"height":200,"srcset":"https:\/\/i0.wp.com\/jvafiscalistas.com\/wp-content\/uploads\/2022\/11\/nastuh-abootalebi-JdcJn85xD2k-unsplash-1024x684.webp?resize=350%2C200&ssl=1 1x, https:\/\/i0.wp.com\/jvafiscalistas.com\/wp-content\/uploads\/2022\/11\/nastuh-abootalebi-JdcJn85xD2k-unsplash-1024x684.webp?resize=525%2C300&ssl=1 1.5x, https:\/\/i0.wp.com\/jvafiscalistas.com\/wp-content\/uploads\/2022\/11\/nastuh-abootalebi-JdcJn85xD2k-unsplash-1024x684.webp?resize=700%2C400&ssl=1 2x"},"classes":[]},{"id":511,"url":"https:\/\/jvafiscalistas.com\/en\/litigio-estrategico\/","url_meta":{"origin":858,"position":5},"title":"Bases jur\u00eddicas para el litigio estrat\u00e9gico en materia fiscal","author":"josuevargas7","date":"September 10, 2024","format":false,"excerpt":"Modulo I: Introducci\u00f3n a la teor\u00eda jur\u00eddica de los derechos humanos 2:00 hr Temario","rel":"","context":"Similar post","block_context":{"text":"Similar post","link":""},"img":{"alt_text":"","src":"https:\/\/i0.wp.com\/jvafiscalistas.com\/wp-content\/uploads\/2022\/11\/copernico-cLmOptqvuFQ-unsplash-1024x683.webp?resize=350%2C200&ssl=1","width":350,"height":200,"srcset":"https:\/\/i0.wp.com\/jvafiscalistas.com\/wp-content\/uploads\/2022\/11\/copernico-cLmOptqvuFQ-unsplash-1024x683.webp?resize=350%2C200&ssl=1 1x, https:\/\/i0.wp.com\/jvafiscalistas.com\/wp-content\/uploads\/2022\/11\/copernico-cLmOptqvuFQ-unsplash-1024x683.webp?resize=525%2C300&ssl=1 1.5x, https:\/\/i0.wp.com\/jvafiscalistas.com\/wp-content\/uploads\/2022\/11\/copernico-cLmOptqvuFQ-unsplash-1024x683.webp?resize=700%2C400&ssl=1 2x"},"classes":[]}],"jetpack_sharing_enabled":true,"_links":{"self":[{"href":"https:\/\/jvafiscalistas.com\/en\/wp-json\/wp\/v2\/pages\/858","targetHints":{"allow":["GET"]}}],"collection":[{"href":"https:\/\/jvafiscalistas.com\/en\/wp-json\/wp\/v2\/pages"}],"about":[{"href":"https:\/\/jvafiscalistas.com\/en\/wp-json\/wp\/v2\/types\/page"}],"author":[{"embeddable":true,"href":"https:\/\/jvafiscalistas.com\/en\/wp-json\/wp\/v2\/users\/1"}],"replies":[{"embeddable":true,"href":"https:\/\/jvafiscalistas.com\/en\/wp-json\/wp\/v2\/comments?post=858"}],"version-history":[{"count":1,"href":"https:\/\/jvafiscalistas.com\/en\/wp-json\/wp\/v2\/pages\/858\/revisions"}],"predecessor-version":[{"id":859,"href":"https:\/\/jvafiscalistas.com\/en\/wp-json\/wp\/v2\/pages\/858\/revisions\/859"}],"wp:attachment":[{"href":"https:\/\/jvafiscalistas.com\/en\/wp-json\/wp\/v2\/media?parent=858"}],"curies":[{"name":"wp","href":"https:\/\/api.w.org\/{rel}","templated":true}]}}