{"id":856,"date":"2025-06-20T02:10:48","date_gmt":"2025-06-20T02:10:48","guid":{"rendered":"https:\/\/jvafiscalistas.com\/?page_id=856"},"modified":"2025-06-20T05:09:48","modified_gmt":"2025-06-20T05:09:48","slug":"videoteca-derecho-fiscal","status":"publish","type":"page","link":"https:\/\/jvafiscalistas.com\/en\/videoteca-derecho-fiscal\/","title":{"rendered":"Videoteca: Derecho Fiscal"},"content":{"rendered":"<div class=\"wp-block-columns is-layout-flex wp-container-core-columns-is-layout-9d6595d7 wp-block-columns-is-layout-flex\">\n<div class=\"wp-block-column is-layout-flow wp-block-column-is-layout-flow\">\n<div class=\"wp-block-cover\"><img data-recalc-dims=\"1\" loading=\"lazy\" decoding=\"async\" width=\"640\" height=\"853\" class=\"wp-block-cover__image-background wp-image-640\" alt=\"\" src=\"https:\/\/i0.wp.com\/jvafiscalistas.com\/wp-content\/uploads\/2024\/10\/arno-senoner-k6Ro2lhMMTc-unsplash.jpg?resize=640%2C853&#038;ssl=1\" data-object-fit=\"cover\" srcset=\"https:\/\/i0.wp.com\/jvafiscalistas.com\/wp-content\/uploads\/2024\/10\/arno-senoner-k6Ro2lhMMTc-unsplash-scaled.jpg?resize=768%2C1024&amp;ssl=1 768w, https:\/\/i0.wp.com\/jvafiscalistas.com\/wp-content\/uploads\/2024\/10\/arno-senoner-k6Ro2lhMMTc-unsplash-scaled.jpg?resize=225%2C300&amp;ssl=1 225w, https:\/\/i0.wp.com\/jvafiscalistas.com\/wp-content\/uploads\/2024\/10\/arno-senoner-k6Ro2lhMMTc-unsplash-scaled.jpg?resize=1152%2C1536&amp;ssl=1 1152w, https:\/\/i0.wp.com\/jvafiscalistas.com\/wp-content\/uploads\/2024\/10\/arno-senoner-k6Ro2lhMMTc-unsplash-scaled.jpg?resize=1536%2C2048&amp;ssl=1 1536w, https:\/\/i0.wp.com\/jvafiscalistas.com\/wp-content\/uploads\/2024\/10\/arno-senoner-k6Ro2lhMMTc-unsplash-scaled.jpg?resize=9%2C12&amp;ssl=1 9w, https:\/\/i0.wp.com\/jvafiscalistas.com\/wp-content\/uploads\/2024\/10\/arno-senoner-k6Ro2lhMMTc-unsplash-scaled.jpg?w=1920&amp;ssl=1 1920w, https:\/\/i0.wp.com\/jvafiscalistas.com\/wp-content\/uploads\/2024\/10\/arno-senoner-k6Ro2lhMMTc-unsplash-scaled.jpg?w=1280&amp;ssl=1 1280w\" sizes=\"auto, (max-width: 640px) 100vw, 640px\" \/><span aria-hidden=\"true\" class=\"wp-block-cover__background has-background-dim-30 has-background-dim\"><\/span><div class=\"wp-block-cover__inner-container is-layout-flow wp-block-cover-is-layout-flow\">\n<p class=\"has-text-align-center has-large-font-size\">Videoteca: Derecho Fiscal<\/p>\n<\/div><\/div>\n<\/div>\n<\/div>","protected":false},"excerpt":{"rendered":"","protected":false},"author":1,"featured_media":0,"parent":0,"menu_order":0,"comment_status":"closed","ping_status":"closed","template":"","meta":{"footnotes":""},"class_list":["post-856","page","type-page","status-publish","hentry"],"featured_image_url":[],"post_author":"Marcos Josu\u00e9 Vargas Estrada","assigned_categories":"","yoast_head":"<!-- This site is optimized with the Yoast SEO plugin v27.4 - https:\/\/yoast.com\/product\/yoast-seo-wordpress\/ -->\n<title>Videoteca: Derecho Fiscal - JVA Fiscalistas, S.C.<\/title>\n<meta name=\"robots\" content=\"index, follow, max-snippet:-1, max-image-preview:large, max-video-preview:-1\" \/>\n<link rel=\"canonical\" href=\"https:\/\/jvafiscalistas.com\/en\/videoteca-derecho-fiscal\/\" \/>\n<meta property=\"og:locale\" content=\"en_US\" \/>\n<meta property=\"og:type\" content=\"article\" \/>\n<meta property=\"og:title\" content=\"Videoteca: Derecho Fiscal - JVA Fiscalistas, S.C.\" \/>\n<meta property=\"og:url\" content=\"https:\/\/jvafiscalistas.com\/en\/videoteca-derecho-fiscal\/\" \/>\n<meta property=\"og:site_name\" content=\"JVA Fiscalistas, S.C.\" \/>\n<meta property=\"article:modified_time\" content=\"2025-06-20T05:09:48+00:00\" \/>\n<meta property=\"og:image\" content=\"https:\/\/jvafiscalistas.com\/wp-content\/uploads\/2024\/10\/arno-senoner-k6Ro2lhMMTc-unsplash-768x1024.jpg\" \/>\n<meta name=\"twitter:card\" content=\"summary_large_image\" \/>\n<meta name=\"twitter:label1\" content=\"Est. reading time\" \/>\n\t<meta name=\"twitter:data1\" content=\"1 minute\" \/>\n<script type=\"application\/ld+json\" class=\"yoast-schema-graph\">{\"@context\":\"https:\\\/\\\/schema.org\",\"@graph\":[{\"@type\":\"WebPage\",\"@id\":\"https:\\\/\\\/jvafiscalistas.com\\\/videoteca-derecho-fiscal\\\/\",\"url\":\"https:\\\/\\\/jvafiscalistas.com\\\/videoteca-derecho-fiscal\\\/\",\"name\":\"Videoteca: Derecho Fiscal - JVA Fiscalistas, S.C.\",\"isPartOf\":{\"@id\":\"https:\\\/\\\/jvafiscalistas.com\\\/#website\"},\"primaryImageOfPage\":{\"@id\":\"https:\\\/\\\/jvafiscalistas.com\\\/videoteca-derecho-fiscal\\\/#primaryimage\"},\"image\":{\"@id\":\"https:\\\/\\\/jvafiscalistas.com\\\/videoteca-derecho-fiscal\\\/#primaryimage\"},\"thumbnailUrl\":\"https:\\\/\\\/jvafiscalistas.com\\\/wp-content\\\/uploads\\\/2024\\\/10\\\/arno-senoner-k6Ro2lhMMTc-unsplash-768x1024.jpg\",\"datePublished\":\"2025-06-20T02:10:48+00:00\",\"dateModified\":\"2025-06-20T05:09:48+00:00\",\"breadcrumb\":{\"@id\":\"https:\\\/\\\/jvafiscalistas.com\\\/videoteca-derecho-fiscal\\\/#breadcrumb\"},\"inLanguage\":\"en-US\",\"potentialAction\":[{\"@type\":\"ReadAction\",\"target\":[\"https:\\\/\\\/jvafiscalistas.com\\\/videoteca-derecho-fiscal\\\/\"]}]},{\"@type\":\"ImageObject\",\"inLanguage\":\"en-US\",\"@id\":\"https:\\\/\\\/jvafiscalistas.com\\\/videoteca-derecho-fiscal\\\/#primaryimage\",\"url\":\"https:\\\/\\\/jvafiscalistas.com\\\/wp-content\\\/uploads\\\/2024\\\/10\\\/arno-senoner-k6Ro2lhMMTc-unsplash-768x1024.jpg\",\"contentUrl\":\"https:\\\/\\\/jvafiscalistas.com\\\/wp-content\\\/uploads\\\/2024\\\/10\\\/arno-senoner-k6Ro2lhMMTc-unsplash-768x1024.jpg\"},{\"@type\":\"BreadcrumbList\",\"@id\":\"https:\\\/\\\/jvafiscalistas.com\\\/videoteca-derecho-fiscal\\\/#breadcrumb\",\"itemListElement\":[{\"@type\":\"ListItem\",\"position\":1,\"name\":\"Home\",\"item\":\"https:\\\/\\\/jvafiscalistas.com\\\/\"},{\"@type\":\"ListItem\",\"position\":2,\"name\":\"Videoteca: Derecho Fiscal\"}]},{\"@type\":\"WebSite\",\"@id\":\"https:\\\/\\\/jvafiscalistas.com\\\/#website\",\"url\":\"https:\\\/\\\/jvafiscalistas.com\\\/\",\"name\":\"JVA Fiscalistas, S.C.\",\"description\":\"Despacho especializado en consultor\u00eda de negocios y litigio fiscal\",\"publisher\":{\"@id\":\"https:\\\/\\\/jvafiscalistas.com\\\/#organization\"},\"potentialAction\":[{\"@type\":\"SearchAction\",\"target\":{\"@type\":\"EntryPoint\",\"urlTemplate\":\"https:\\\/\\\/jvafiscalistas.com\\\/?s={search_term_string}\"},\"query-input\":{\"@type\":\"PropertyValueSpecification\",\"valueRequired\":true,\"valueName\":\"search_term_string\"}}],\"inLanguage\":\"en-US\"},{\"@type\":\"Organization\",\"@id\":\"https:\\\/\\\/jvafiscalistas.com\\\/#organization\",\"name\":\"JVA Fiscalistas, S.C.\",\"url\":\"https:\\\/\\\/jvafiscalistas.com\\\/\",\"logo\":{\"@type\":\"ImageObject\",\"inLanguage\":\"en-US\",\"@id\":\"https:\\\/\\\/jvafiscalistas.com\\\/#\\\/schema\\\/logo\\\/image\\\/\",\"url\":\"https:\\\/\\\/jvafiscalistas.com\\\/wp-content\\\/uploads\\\/2022\\\/11\\\/cropped-LOGO-PNG-e1730273159535.png\",\"contentUrl\":\"https:\\\/\\\/jvafiscalistas.com\\\/wp-content\\\/uploads\\\/2022\\\/11\\\/cropped-LOGO-PNG-e1730273159535.png\",\"width\":100,\"height\":100,\"caption\":\"JVA Fiscalistas, S.C.\"},\"image\":{\"@id\":\"https:\\\/\\\/jvafiscalistas.com\\\/#\\\/schema\\\/logo\\\/image\\\/\"}}]}<\/script>\n<!-- \/ Yoast SEO plugin. -->","yoast_head_json":{"title":"Videoteca: Derecho Fiscal - JVA Fiscalistas, S.C.","robots":{"index":"index","follow":"follow","max-snippet":"max-snippet:-1","max-image-preview":"max-image-preview:large","max-video-preview":"max-video-preview:-1"},"canonical":"https:\/\/jvafiscalistas.com\/en\/videoteca-derecho-fiscal\/","og_locale":"en_US","og_type":"article","og_title":"Videoteca: Derecho Fiscal - JVA Fiscalistas, S.C.","og_url":"https:\/\/jvafiscalistas.com\/en\/videoteca-derecho-fiscal\/","og_site_name":"JVA Fiscalistas, S.C.","article_modified_time":"2025-06-20T05:09:48+00:00","og_image":[{"url":"https:\/\/jvafiscalistas.com\/wp-content\/uploads\/2024\/10\/arno-senoner-k6Ro2lhMMTc-unsplash-768x1024.jpg","type":"","width":"","height":""}],"twitter_card":"summary_large_image","twitter_misc":{"Est. reading time":"1 minute"},"schema":{"@context":"https:\/\/schema.org","@graph":[{"@type":"WebPage","@id":"https:\/\/jvafiscalistas.com\/videoteca-derecho-fiscal\/","url":"https:\/\/jvafiscalistas.com\/videoteca-derecho-fiscal\/","name":"Videoteca: Derecho Fiscal - JVA Fiscalistas, S.C.","isPartOf":{"@id":"https:\/\/jvafiscalistas.com\/#website"},"primaryImageOfPage":{"@id":"https:\/\/jvafiscalistas.com\/videoteca-derecho-fiscal\/#primaryimage"},"image":{"@id":"https:\/\/jvafiscalistas.com\/videoteca-derecho-fiscal\/#primaryimage"},"thumbnailUrl":"https:\/\/jvafiscalistas.com\/wp-content\/uploads\/2024\/10\/arno-senoner-k6Ro2lhMMTc-unsplash-768x1024.jpg","datePublished":"2025-06-20T02:10:48+00:00","dateModified":"2025-06-20T05:09:48+00:00","breadcrumb":{"@id":"https:\/\/jvafiscalistas.com\/videoteca-derecho-fiscal\/#breadcrumb"},"inLanguage":"en-US","potentialAction":[{"@type":"ReadAction","target":["https:\/\/jvafiscalistas.com\/videoteca-derecho-fiscal\/"]}]},{"@type":"ImageObject","inLanguage":"en-US","@id":"https:\/\/jvafiscalistas.com\/videoteca-derecho-fiscal\/#primaryimage","url":"https:\/\/jvafiscalistas.com\/wp-content\/uploads\/2024\/10\/arno-senoner-k6Ro2lhMMTc-unsplash-768x1024.jpg","contentUrl":"https:\/\/jvafiscalistas.com\/wp-content\/uploads\/2024\/10\/arno-senoner-k6Ro2lhMMTc-unsplash-768x1024.jpg"},{"@type":"BreadcrumbList","@id":"https:\/\/jvafiscalistas.com\/videoteca-derecho-fiscal\/#breadcrumb","itemListElement":[{"@type":"ListItem","position":1,"name":"Home","item":"https:\/\/jvafiscalistas.com\/"},{"@type":"ListItem","position":2,"name":"Videoteca: Derecho Fiscal"}]},{"@type":"WebSite","@id":"https:\/\/jvafiscalistas.com\/#website","url":"https:\/\/jvafiscalistas.com\/","name":"JVA Fiscalistas, S.C.","description":"Despacho especializado en consultor\u00eda de negocios y litigio fiscal","publisher":{"@id":"https:\/\/jvafiscalistas.com\/#organization"},"potentialAction":[{"@type":"SearchAction","target":{"@type":"EntryPoint","urlTemplate":"https:\/\/jvafiscalistas.com\/?s={search_term_string}"},"query-input":{"@type":"PropertyValueSpecification","valueRequired":true,"valueName":"search_term_string"}}],"inLanguage":"en-US"},{"@type":"Organization","@id":"https:\/\/jvafiscalistas.com\/#organization","name":"JVA Fiscalistas, S.C.","url":"https:\/\/jvafiscalistas.com\/","logo":{"@type":"ImageObject","inLanguage":"en-US","@id":"https:\/\/jvafiscalistas.com\/#\/schema\/logo\/image\/","url":"https:\/\/jvafiscalistas.com\/wp-content\/uploads\/2022\/11\/cropped-LOGO-PNG-e1730273159535.png","contentUrl":"https:\/\/jvafiscalistas.com\/wp-content\/uploads\/2022\/11\/cropped-LOGO-PNG-e1730273159535.png","width":100,"height":100,"caption":"JVA Fiscalistas, S.C."},"image":{"@id":"https:\/\/jvafiscalistas.com\/#\/schema\/logo\/image\/"}}]}},"jetpack-related-posts":[{"id":836,"url":"https:\/\/jvafiscalistas.com\/en\/videoteca\/","url_meta":{"origin":856,"position":0},"title":"Videoteca","author":"josuevargas7","date":"June 20, 2025","format":false,"excerpt":"Videoteca Ejes tem\u00e1ticos Impuestos Derecho fiscal Derechos Humanos","rel":"","context":"Similar post","block_context":{"text":"Similar post","link":""},"img":{"alt_text":"","src":"https:\/\/i0.wp.com\/jvafiscalistas.com\/wp-content\/uploads\/2022\/11\/campaign-creators-qCi_MzVODoU-unsplash-1024x679.webp?resize=350%2C200&ssl=1","width":350,"height":200,"srcset":"https:\/\/i0.wp.com\/jvafiscalistas.com\/wp-content\/uploads\/2022\/11\/campaign-creators-qCi_MzVODoU-unsplash-1024x679.webp?resize=350%2C200&ssl=1 1x, https:\/\/i0.wp.com\/jvafiscalistas.com\/wp-content\/uploads\/2022\/11\/campaign-creators-qCi_MzVODoU-unsplash-1024x679.webp?resize=525%2C300&ssl=1 1.5x, https:\/\/i0.wp.com\/jvafiscalistas.com\/wp-content\/uploads\/2022\/11\/campaign-creators-qCi_MzVODoU-unsplash-1024x679.webp?resize=700%2C400&ssl=1 2x"},"classes":[]},{"id":858,"url":"https:\/\/jvafiscalistas.com\/en\/videoteca-derechos-humanos\/","url_meta":{"origin":856,"position":1},"title":"Videoteca: Derechos Humanos","author":"josuevargas7","date":"June 20, 2025","format":false,"excerpt":"Videoteca: Derechos Humanos","rel":"","context":"Similar post","block_context":{"text":"Similar post","link":""},"img":{"alt_text":"","src":"https:\/\/i0.wp.com\/jvafiscalistas.com\/wp-content\/uploads\/2022\/11\/miftakhul-rizki-gUfC5L-ROPg-unsplash-1024x683.webp?resize=350%2C200&ssl=1","width":350,"height":200,"srcset":"https:\/\/i0.wp.com\/jvafiscalistas.com\/wp-content\/uploads\/2022\/11\/miftakhul-rizki-gUfC5L-ROPg-unsplash-1024x683.webp?resize=350%2C200&ssl=1 1x, https:\/\/i0.wp.com\/jvafiscalistas.com\/wp-content\/uploads\/2022\/11\/miftakhul-rizki-gUfC5L-ROPg-unsplash-1024x683.webp?resize=525%2C300&ssl=1 1.5x, https:\/\/i0.wp.com\/jvafiscalistas.com\/wp-content\/uploads\/2022\/11\/miftakhul-rizki-gUfC5L-ROPg-unsplash-1024x683.webp?resize=700%2C400&ssl=1 2x"},"classes":[]},{"id":45,"url":"https:\/\/jvafiscalistas.com\/en\/derecho-fiscal\/","url_meta":{"origin":856,"position":2},"title":"Derecho Fiscal","author":"josuevargas7","date":"November 10, 2022","format":false,"excerpt":"Litigio fiscal Defensa jur\u00eddica ante autoridades fiscales Estudio e implementaci\u00f3n de litigios estrat\u00e9gicos en materia fiscal; Asesor\u00eda ante el inicio de las facultades de comprobaci\u00f3n por parte de las autoridades fiscales (visitas domiciliarias, revisiones secuenciales o auditor\u00edas electr\u00f3nicas); Preparaci\u00f3n de pruebas y desahogo de instancias procesales especificas; Preparaci\u00f3n de contestaciones\u2026","rel":"","context":"Similar post","block_context":{"text":"Similar post","link":""},"img":{"alt_text":"","src":"https:\/\/i0.wp.com\/jvafiscalistas.com\/wp-content\/uploads\/2022\/11\/copernico-cLmOptqvuFQ-unsplash-scaled.webp?resize=350%2C200&ssl=1","width":350,"height":200,"srcset":"https:\/\/i0.wp.com\/jvafiscalistas.com\/wp-content\/uploads\/2022\/11\/copernico-cLmOptqvuFQ-unsplash-scaled.webp?resize=350%2C200&ssl=1 1x, https:\/\/i0.wp.com\/jvafiscalistas.com\/wp-content\/uploads\/2022\/11\/copernico-cLmOptqvuFQ-unsplash-scaled.webp?resize=525%2C300&ssl=1 1.5x, https:\/\/i0.wp.com\/jvafiscalistas.com\/wp-content\/uploads\/2022\/11\/copernico-cLmOptqvuFQ-unsplash-scaled.webp?resize=700%2C400&ssl=1 2x, https:\/\/i0.wp.com\/jvafiscalistas.com\/wp-content\/uploads\/2022\/11\/copernico-cLmOptqvuFQ-unsplash-scaled.webp?resize=1050%2C600&ssl=1 3x, https:\/\/i0.wp.com\/jvafiscalistas.com\/wp-content\/uploads\/2022\/11\/copernico-cLmOptqvuFQ-unsplash-scaled.webp?resize=1400%2C800&ssl=1 4x"},"classes":[]},{"id":43,"url":"https:\/\/jvafiscalistas.com\/en\/soluciones\/","url_meta":{"origin":856,"position":3},"title":"Soluciones","author":"josuevargas7","date":"November 10, 2022","format":false,"excerpt":"Soluciones legales y empresariales Derecho fiscal Derecho administrativo Derecho corporativo Propiedad intelectual Contabilidad e impuestos Finanzas corporativas Formaci\u00f3n en Derechos Humanos y Derecho Fiscal para el Desarrollo Empresarial | JVA Instituto","rel":"","context":"Similar post","block_context":{"text":"Similar post","link":""},"img":{"alt_text":"","src":"https:\/\/i0.wp.com\/jvafiscalistas.com\/wp-content\/uploads\/2022\/11\/ant-rozetsky-HXOllTSwrpM-unsplash-1024x576.webp?resize=350%2C200&ssl=1","width":350,"height":200,"srcset":"https:\/\/i0.wp.com\/jvafiscalistas.com\/wp-content\/uploads\/2022\/11\/ant-rozetsky-HXOllTSwrpM-unsplash-1024x576.webp?resize=350%2C200&ssl=1 1x, https:\/\/i0.wp.com\/jvafiscalistas.com\/wp-content\/uploads\/2022\/11\/ant-rozetsky-HXOllTSwrpM-unsplash-1024x576.webp?resize=525%2C300&ssl=1 1.5x, https:\/\/i0.wp.com\/jvafiscalistas.com\/wp-content\/uploads\/2022\/11\/ant-rozetsky-HXOllTSwrpM-unsplash-1024x576.webp?resize=700%2C400&ssl=1 2x"},"classes":[]},{"id":414,"url":"https:\/\/jvafiscalistas.com\/en\/jvainstituto\/","url_meta":{"origin":856,"position":4},"title":"Formaci\u00f3n en Derecho Fiscal | JVA Instituto","author":"josuevargas7","date":"July 3, 2024","format":false,"excerpt":"Instituto de Estudios en Filosof\u00eda Fiscal JVA, S.C. JVA Instituto Conoce la formaci\u00f3n en materia fiscal que JVA tiene para ti Pr\u00f3ximos cursos (on line, v\u00eda Zoom) Software necesario, descargable de manera gratuita aqu\u00ed. Introducci\u00f3n a la teor\u00eda jur\u00eddica de los derechos humanos I: fundamentos filos\u00f3ficos Duraci\u00f3n: 2:00 hr Material\u2026","rel":"","context":"Similar post","block_context":{"text":"Similar post","link":""},"img":{"alt_text":"","src":"https:\/\/i0.wp.com\/jvafiscalistas.com\/wp-content\/uploads\/2022\/11\/nastuh-abootalebi-JdcJn85xD2k-unsplash-1024x684.webp?resize=350%2C200&ssl=1","width":350,"height":200,"srcset":"https:\/\/i0.wp.com\/jvafiscalistas.com\/wp-content\/uploads\/2022\/11\/nastuh-abootalebi-JdcJn85xD2k-unsplash-1024x684.webp?resize=350%2C200&ssl=1 1x, https:\/\/i0.wp.com\/jvafiscalistas.com\/wp-content\/uploads\/2022\/11\/nastuh-abootalebi-JdcJn85xD2k-unsplash-1024x684.webp?resize=525%2C300&ssl=1 1.5x, https:\/\/i0.wp.com\/jvafiscalistas.com\/wp-content\/uploads\/2022\/11\/nastuh-abootalebi-JdcJn85xD2k-unsplash-1024x684.webp?resize=700%2C400&ssl=1 2x"},"classes":[]},{"id":41,"url":"https:\/\/jvafiscalistas.com\/en\/nosotros\/","url_meta":{"origin":856,"position":5},"title":"Nosotros","author":"josuevargas7","date":"November 10, 2022","format":false,"excerpt":"Nuestro equipo Nuestros socios Dr. M. Josu\u00e9 Vargas Estrada Socio Director Doctorados: Doctor en Derecho, Universidad Carlos III de Madrid, Espa\u00f1a; Doctorando en Derecho, UPAEP, Puebla; Doctorando en Ciencias de lo Fiscal, IEE, CDMX; Maestr\u00edas: M\u00e1ster en Derecho, Universidad Carlos III de Madrid, Espa\u00f1a; Maestro en Derecho Fiscal, IEE, Monterrey;\u2026","rel":"","context":"Similar post","block_context":{"text":"Similar post","link":""},"img":{"alt_text":"","src":"https:\/\/i0.wp.com\/jvafiscalistas.com\/wp-content\/uploads\/2022\/11\/raj-rana-zCQsBI7ZltQ-unsplash-1024x683.webp?resize=350%2C200&ssl=1","width":350,"height":200,"srcset":"https:\/\/i0.wp.com\/jvafiscalistas.com\/wp-content\/uploads\/2022\/11\/raj-rana-zCQsBI7ZltQ-unsplash-1024x683.webp?resize=350%2C200&ssl=1 1x, https:\/\/i0.wp.com\/jvafiscalistas.com\/wp-content\/uploads\/2022\/11\/raj-rana-zCQsBI7ZltQ-unsplash-1024x683.webp?resize=525%2C300&ssl=1 1.5x, https:\/\/i0.wp.com\/jvafiscalistas.com\/wp-content\/uploads\/2022\/11\/raj-rana-zCQsBI7ZltQ-unsplash-1024x683.webp?resize=700%2C400&ssl=1 2x"},"classes":[]}],"jetpack_sharing_enabled":true,"_links":{"self":[{"href":"https:\/\/jvafiscalistas.com\/en\/wp-json\/wp\/v2\/pages\/856","targetHints":{"allow":["GET"]}}],"collection":[{"href":"https:\/\/jvafiscalistas.com\/en\/wp-json\/wp\/v2\/pages"}],"about":[{"href":"https:\/\/jvafiscalistas.com\/en\/wp-json\/wp\/v2\/types\/page"}],"author":[{"embeddable":true,"href":"https:\/\/jvafiscalistas.com\/en\/wp-json\/wp\/v2\/users\/1"}],"replies":[{"embeddable":true,"href":"https:\/\/jvafiscalistas.com\/en\/wp-json\/wp\/v2\/comments?post=856"}],"version-history":[{"count":1,"href":"https:\/\/jvafiscalistas.com\/en\/wp-json\/wp\/v2\/pages\/856\/revisions"}],"predecessor-version":[{"id":857,"href":"https:\/\/jvafiscalistas.com\/en\/wp-json\/wp\/v2\/pages\/856\/revisions\/857"}],"wp:attachment":[{"href":"https:\/\/jvafiscalistas.com\/en\/wp-json\/wp\/v2\/media?parent=856"}],"curies":[{"name":"wp","href":"https:\/\/api.w.org\/{rel}","templated":true}]}}