{"id":854,"date":"2025-06-20T02:09:26","date_gmt":"2025-06-20T02:09:26","guid":{"rendered":"https:\/\/jvafiscalistas.com\/?page_id=854"},"modified":"2025-06-20T05:10:09","modified_gmt":"2025-06-20T05:10:09","slug":"videoteca-impuestos","status":"publish","type":"page","link":"https:\/\/jvafiscalistas.com\/en\/videoteca-impuestos\/","title":{"rendered":"Videoteca: Impuestos"},"content":{"rendered":"<div class=\"wp-block-columns is-layout-flex wp-container-core-columns-is-layout-9d6595d7 wp-block-columns-is-layout-flex\">\n<div class=\"wp-block-column is-layout-flow wp-block-column-is-layout-flow\">\n<div class=\"wp-block-cover\"><img data-recalc-dims=\"1\" loading=\"lazy\" decoding=\"async\" width=\"640\" height=\"480\" class=\"wp-block-cover__image-background wp-image-554\" alt=\"\" src=\"https:\/\/i0.wp.com\/jvafiscalistas.com\/wp-content\/uploads\/2024\/10\/pawel-chu-ULh0i2txBCY-unsplash.jpg?resize=640%2C480&#038;ssl=1\" data-object-fit=\"cover\" srcset=\"https:\/\/i0.wp.com\/jvafiscalistas.com\/wp-content\/uploads\/2024\/10\/pawel-chu-ULh0i2txBCY-unsplash-scaled.jpg?resize=1024%2C768&amp;ssl=1 1024w, https:\/\/i0.wp.com\/jvafiscalistas.com\/wp-content\/uploads\/2024\/10\/pawel-chu-ULh0i2txBCY-unsplash-scaled.jpg?resize=300%2C225&amp;ssl=1 300w, https:\/\/i0.wp.com\/jvafiscalistas.com\/wp-content\/uploads\/2024\/10\/pawel-chu-ULh0i2txBCY-unsplash-scaled.jpg?resize=768%2C576&amp;ssl=1 768w, https:\/\/i0.wp.com\/jvafiscalistas.com\/wp-content\/uploads\/2024\/10\/pawel-chu-ULh0i2txBCY-unsplash-scaled.jpg?resize=1536%2C1152&amp;ssl=1 1536w, https:\/\/i0.wp.com\/jvafiscalistas.com\/wp-content\/uploads\/2024\/10\/pawel-chu-ULh0i2txBCY-unsplash-scaled.jpg?resize=2048%2C1536&amp;ssl=1 2048w, https:\/\/i0.wp.com\/jvafiscalistas.com\/wp-content\/uploads\/2024\/10\/pawel-chu-ULh0i2txBCY-unsplash-scaled.jpg?resize=16%2C12&amp;ssl=1 16w, https:\/\/i0.wp.com\/jvafiscalistas.com\/wp-content\/uploads\/2024\/10\/pawel-chu-ULh0i2txBCY-unsplash-scaled.jpg?w=1280&amp;ssl=1 1280w, https:\/\/i0.wp.com\/jvafiscalistas.com\/wp-content\/uploads\/2024\/10\/pawel-chu-ULh0i2txBCY-unsplash-scaled.jpg?w=1920&amp;ssl=1 1920w\" sizes=\"auto, (max-width: 640px) 100vw, 640px\" \/><span aria-hidden=\"true\" class=\"wp-block-cover__background has-background-dim-30 has-background-dim\"><\/span><div class=\"wp-block-cover__inner-container is-layout-flow wp-block-cover-is-layout-flow\">\n<p class=\"has-text-align-center has-large-font-size\">Videoteca: Impuestos<\/p>\n<\/div><\/div>\n<\/div>\n<\/div>\n\n\n\n<div style=\"height:100px\" aria-hidden=\"true\" class=\"wp-block-spacer\"><\/div>\n\n\n\n<p><\/p>","protected":false},"excerpt":{"rendered":"","protected":false},"author":1,"featured_media":0,"parent":0,"menu_order":0,"comment_status":"closed","ping_status":"closed","template":"","meta":{"footnotes":""},"class_list":["post-854","page","type-page","status-publish","hentry"],"featured_image_url":[],"post_author":"Marcos Josu\u00e9 Vargas Estrada","assigned_categories":"","yoast_head":"<!-- This site is optimized with the Yoast SEO plugin v27.4 - https:\/\/yoast.com\/product\/yoast-seo-wordpress\/ -->\n<title>Videoteca: Impuestos - JVA Fiscalistas, S.C.<\/title>\n<meta name=\"robots\" content=\"index, follow, max-snippet:-1, max-image-preview:large, max-video-preview:-1\" \/>\n<link rel=\"canonical\" href=\"https:\/\/jvafiscalistas.com\/en\/videoteca-impuestos\/\" \/>\n<meta property=\"og:locale\" content=\"en_US\" \/>\n<meta property=\"og:type\" content=\"article\" \/>\n<meta property=\"og:title\" content=\"Videoteca: Impuestos - JVA Fiscalistas, S.C.\" \/>\n<meta property=\"og:url\" content=\"https:\/\/jvafiscalistas.com\/en\/videoteca-impuestos\/\" \/>\n<meta property=\"og:site_name\" content=\"JVA Fiscalistas, S.C.\" \/>\n<meta property=\"article:modified_time\" content=\"2025-06-20T05:10:09+00:00\" \/>\n<meta property=\"og:image\" content=\"https:\/\/jvafiscalistas.com\/wp-content\/uploads\/2024\/10\/pawel-chu-ULh0i2txBCY-unsplash-1024x768.jpg\" \/>\n<meta name=\"twitter:card\" content=\"summary_large_image\" \/>\n<meta name=\"twitter:label1\" content=\"Est. reading time\" \/>\n\t<meta name=\"twitter:data1\" content=\"1 minute\" \/>\n<script type=\"application\/ld+json\" class=\"yoast-schema-graph\">{\"@context\":\"https:\\\/\\\/schema.org\",\"@graph\":[{\"@type\":\"WebPage\",\"@id\":\"https:\\\/\\\/jvafiscalistas.com\\\/videoteca-impuestos\\\/\",\"url\":\"https:\\\/\\\/jvafiscalistas.com\\\/videoteca-impuestos\\\/\",\"name\":\"Videoteca: Impuestos - JVA Fiscalistas, S.C.\",\"isPartOf\":{\"@id\":\"https:\\\/\\\/jvafiscalistas.com\\\/#website\"},\"primaryImageOfPage\":{\"@id\":\"https:\\\/\\\/jvafiscalistas.com\\\/videoteca-impuestos\\\/#primaryimage\"},\"image\":{\"@id\":\"https:\\\/\\\/jvafiscalistas.com\\\/videoteca-impuestos\\\/#primaryimage\"},\"thumbnailUrl\":\"https:\\\/\\\/jvafiscalistas.com\\\/wp-content\\\/uploads\\\/2024\\\/10\\\/pawel-chu-ULh0i2txBCY-unsplash-1024x768.jpg\",\"datePublished\":\"2025-06-20T02:09:26+00:00\",\"dateModified\":\"2025-06-20T05:10:09+00:00\",\"breadcrumb\":{\"@id\":\"https:\\\/\\\/jvafiscalistas.com\\\/videoteca-impuestos\\\/#breadcrumb\"},\"inLanguage\":\"en-US\",\"potentialAction\":[{\"@type\":\"ReadAction\",\"target\":[\"https:\\\/\\\/jvafiscalistas.com\\\/videoteca-impuestos\\\/\"]}]},{\"@type\":\"ImageObject\",\"inLanguage\":\"en-US\",\"@id\":\"https:\\\/\\\/jvafiscalistas.com\\\/videoteca-impuestos\\\/#primaryimage\",\"url\":\"https:\\\/\\\/jvafiscalistas.com\\\/wp-content\\\/uploads\\\/2024\\\/10\\\/pawel-chu-ULh0i2txBCY-unsplash-1024x768.jpg\",\"contentUrl\":\"https:\\\/\\\/jvafiscalistas.com\\\/wp-content\\\/uploads\\\/2024\\\/10\\\/pawel-chu-ULh0i2txBCY-unsplash-1024x768.jpg\"},{\"@type\":\"BreadcrumbList\",\"@id\":\"https:\\\/\\\/jvafiscalistas.com\\\/videoteca-impuestos\\\/#breadcrumb\",\"itemListElement\":[{\"@type\":\"ListItem\",\"position\":1,\"name\":\"Home\",\"item\":\"https:\\\/\\\/jvafiscalistas.com\\\/\"},{\"@type\":\"ListItem\",\"position\":2,\"name\":\"Videoteca: Impuestos\"}]},{\"@type\":\"WebSite\",\"@id\":\"https:\\\/\\\/jvafiscalistas.com\\\/#website\",\"url\":\"https:\\\/\\\/jvafiscalistas.com\\\/\",\"name\":\"JVA Fiscalistas, S.C.\",\"description\":\"Despacho especializado en consultor\u00eda de negocios y litigio fiscal\",\"publisher\":{\"@id\":\"https:\\\/\\\/jvafiscalistas.com\\\/#organization\"},\"potentialAction\":[{\"@type\":\"SearchAction\",\"target\":{\"@type\":\"EntryPoint\",\"urlTemplate\":\"https:\\\/\\\/jvafiscalistas.com\\\/?s={search_term_string}\"},\"query-input\":{\"@type\":\"PropertyValueSpecification\",\"valueRequired\":true,\"valueName\":\"search_term_string\"}}],\"inLanguage\":\"en-US\"},{\"@type\":\"Organization\",\"@id\":\"https:\\\/\\\/jvafiscalistas.com\\\/#organization\",\"name\":\"JVA Fiscalistas, S.C.\",\"url\":\"https:\\\/\\\/jvafiscalistas.com\\\/\",\"logo\":{\"@type\":\"ImageObject\",\"inLanguage\":\"en-US\",\"@id\":\"https:\\\/\\\/jvafiscalistas.com\\\/#\\\/schema\\\/logo\\\/image\\\/\",\"url\":\"https:\\\/\\\/jvafiscalistas.com\\\/wp-content\\\/uploads\\\/2022\\\/11\\\/cropped-LOGO-PNG-e1730273159535.png\",\"contentUrl\":\"https:\\\/\\\/jvafiscalistas.com\\\/wp-content\\\/uploads\\\/2022\\\/11\\\/cropped-LOGO-PNG-e1730273159535.png\",\"width\":100,\"height\":100,\"caption\":\"JVA Fiscalistas, S.C.\"},\"image\":{\"@id\":\"https:\\\/\\\/jvafiscalistas.com\\\/#\\\/schema\\\/logo\\\/image\\\/\"}}]}<\/script>\n<!-- \/ Yoast SEO plugin. -->","yoast_head_json":{"title":"Videoteca: Impuestos - JVA Fiscalistas, S.C.","robots":{"index":"index","follow":"follow","max-snippet":"max-snippet:-1","max-image-preview":"max-image-preview:large","max-video-preview":"max-video-preview:-1"},"canonical":"https:\/\/jvafiscalistas.com\/en\/videoteca-impuestos\/","og_locale":"en_US","og_type":"article","og_title":"Videoteca: Impuestos - JVA Fiscalistas, S.C.","og_url":"https:\/\/jvafiscalistas.com\/en\/videoteca-impuestos\/","og_site_name":"JVA Fiscalistas, S.C.","article_modified_time":"2025-06-20T05:10:09+00:00","og_image":[{"url":"https:\/\/jvafiscalistas.com\/wp-content\/uploads\/2024\/10\/pawel-chu-ULh0i2txBCY-unsplash-1024x768.jpg","type":"","width":"","height":""}],"twitter_card":"summary_large_image","twitter_misc":{"Est. reading time":"1 minute"},"schema":{"@context":"https:\/\/schema.org","@graph":[{"@type":"WebPage","@id":"https:\/\/jvafiscalistas.com\/videoteca-impuestos\/","url":"https:\/\/jvafiscalistas.com\/videoteca-impuestos\/","name":"Videoteca: Impuestos - JVA Fiscalistas, S.C.","isPartOf":{"@id":"https:\/\/jvafiscalistas.com\/#website"},"primaryImageOfPage":{"@id":"https:\/\/jvafiscalistas.com\/videoteca-impuestos\/#primaryimage"},"image":{"@id":"https:\/\/jvafiscalistas.com\/videoteca-impuestos\/#primaryimage"},"thumbnailUrl":"https:\/\/jvafiscalistas.com\/wp-content\/uploads\/2024\/10\/pawel-chu-ULh0i2txBCY-unsplash-1024x768.jpg","datePublished":"2025-06-20T02:09:26+00:00","dateModified":"2025-06-20T05:10:09+00:00","breadcrumb":{"@id":"https:\/\/jvafiscalistas.com\/videoteca-impuestos\/#breadcrumb"},"inLanguage":"en-US","potentialAction":[{"@type":"ReadAction","target":["https:\/\/jvafiscalistas.com\/videoteca-impuestos\/"]}]},{"@type":"ImageObject","inLanguage":"en-US","@id":"https:\/\/jvafiscalistas.com\/videoteca-impuestos\/#primaryimage","url":"https:\/\/jvafiscalistas.com\/wp-content\/uploads\/2024\/10\/pawel-chu-ULh0i2txBCY-unsplash-1024x768.jpg","contentUrl":"https:\/\/jvafiscalistas.com\/wp-content\/uploads\/2024\/10\/pawel-chu-ULh0i2txBCY-unsplash-1024x768.jpg"},{"@type":"BreadcrumbList","@id":"https:\/\/jvafiscalistas.com\/videoteca-impuestos\/#breadcrumb","itemListElement":[{"@type":"ListItem","position":1,"name":"Home","item":"https:\/\/jvafiscalistas.com\/"},{"@type":"ListItem","position":2,"name":"Videoteca: Impuestos"}]},{"@type":"WebSite","@id":"https:\/\/jvafiscalistas.com\/#website","url":"https:\/\/jvafiscalistas.com\/","name":"JVA Fiscalistas, S.C.","description":"Despacho especializado en consultor\u00eda de negocios y litigio fiscal","publisher":{"@id":"https:\/\/jvafiscalistas.com\/#organization"},"potentialAction":[{"@type":"SearchAction","target":{"@type":"EntryPoint","urlTemplate":"https:\/\/jvafiscalistas.com\/?s={search_term_string}"},"query-input":{"@type":"PropertyValueSpecification","valueRequired":true,"valueName":"search_term_string"}}],"inLanguage":"en-US"},{"@type":"Organization","@id":"https:\/\/jvafiscalistas.com\/#organization","name":"JVA Fiscalistas, S.C.","url":"https:\/\/jvafiscalistas.com\/","logo":{"@type":"ImageObject","inLanguage":"en-US","@id":"https:\/\/jvafiscalistas.com\/#\/schema\/logo\/image\/","url":"https:\/\/jvafiscalistas.com\/wp-content\/uploads\/2022\/11\/cropped-LOGO-PNG-e1730273159535.png","contentUrl":"https:\/\/jvafiscalistas.com\/wp-content\/uploads\/2022\/11\/cropped-LOGO-PNG-e1730273159535.png","width":100,"height":100,"caption":"JVA Fiscalistas, S.C."},"image":{"@id":"https:\/\/jvafiscalistas.com\/#\/schema\/logo\/image\/"}}]}},"jetpack-related-posts":[{"id":836,"url":"https:\/\/jvafiscalistas.com\/en\/videoteca\/","url_meta":{"origin":854,"position":0},"title":"Videoteca","author":"josuevargas7","date":"June 20, 2025","format":false,"excerpt":"Videoteca Ejes tem\u00e1ticos Impuestos Derecho fiscal Derechos Humanos","rel":"","context":"Similar post","block_context":{"text":"Similar post","link":""},"img":{"alt_text":"","src":"https:\/\/i0.wp.com\/jvafiscalistas.com\/wp-content\/uploads\/2022\/11\/campaign-creators-qCi_MzVODoU-unsplash-1024x679.webp?resize=350%2C200&ssl=1","width":350,"height":200,"srcset":"https:\/\/i0.wp.com\/jvafiscalistas.com\/wp-content\/uploads\/2022\/11\/campaign-creators-qCi_MzVODoU-unsplash-1024x679.webp?resize=350%2C200&ssl=1 1x, https:\/\/i0.wp.com\/jvafiscalistas.com\/wp-content\/uploads\/2022\/11\/campaign-creators-qCi_MzVODoU-unsplash-1024x679.webp?resize=525%2C300&ssl=1 1.5x, https:\/\/i0.wp.com\/jvafiscalistas.com\/wp-content\/uploads\/2022\/11\/campaign-creators-qCi_MzVODoU-unsplash-1024x679.webp?resize=700%2C400&ssl=1 2x"},"classes":[]},{"id":858,"url":"https:\/\/jvafiscalistas.com\/en\/videoteca-derechos-humanos\/","url_meta":{"origin":854,"position":1},"title":"Videoteca: Derechos Humanos","author":"josuevargas7","date":"June 20, 2025","format":false,"excerpt":"Videoteca: Derechos Humanos","rel":"","context":"Similar post","block_context":{"text":"Similar post","link":""},"img":{"alt_text":"","src":"https:\/\/i0.wp.com\/jvafiscalistas.com\/wp-content\/uploads\/2022\/11\/miftakhul-rizki-gUfC5L-ROPg-unsplash-1024x683.webp?resize=350%2C200&ssl=1","width":350,"height":200,"srcset":"https:\/\/i0.wp.com\/jvafiscalistas.com\/wp-content\/uploads\/2022\/11\/miftakhul-rizki-gUfC5L-ROPg-unsplash-1024x683.webp?resize=350%2C200&ssl=1 1x, https:\/\/i0.wp.com\/jvafiscalistas.com\/wp-content\/uploads\/2022\/11\/miftakhul-rizki-gUfC5L-ROPg-unsplash-1024x683.webp?resize=525%2C300&ssl=1 1.5x, https:\/\/i0.wp.com\/jvafiscalistas.com\/wp-content\/uploads\/2022\/11\/miftakhul-rizki-gUfC5L-ROPg-unsplash-1024x683.webp?resize=700%2C400&ssl=1 2x"},"classes":[]},{"id":856,"url":"https:\/\/jvafiscalistas.com\/en\/videoteca-derecho-fiscal\/","url_meta":{"origin":854,"position":2},"title":"Videoteca: Derecho Fiscal","author":"josuevargas7","date":"June 20, 2025","format":false,"excerpt":"Videoteca: Derecho Fiscal","rel":"","context":"Similar post","block_context":{"text":"Similar post","link":""},"img":{"alt_text":"","src":"https:\/\/i0.wp.com\/jvafiscalistas.com\/wp-content\/uploads\/2024\/10\/arno-senoner-k6Ro2lhMMTc-unsplash-768x1024.jpg?resize=350%2C200&ssl=1","width":350,"height":200,"srcset":"https:\/\/i0.wp.com\/jvafiscalistas.com\/wp-content\/uploads\/2024\/10\/arno-senoner-k6Ro2lhMMTc-unsplash-768x1024.jpg?resize=350%2C200&ssl=1 1x, https:\/\/i0.wp.com\/jvafiscalistas.com\/wp-content\/uploads\/2024\/10\/arno-senoner-k6Ro2lhMMTc-unsplash-768x1024.jpg?resize=525%2C300&ssl=1 1.5x, https:\/\/i0.wp.com\/jvafiscalistas.com\/wp-content\/uploads\/2024\/10\/arno-senoner-k6Ro2lhMMTc-unsplash-768x1024.jpg?resize=700%2C400&ssl=1 2x"},"classes":[]},{"id":48,"url":"https:\/\/jvafiscalistas.com\/en\/contabilidad-e-impuestos\/","url_meta":{"origin":854,"position":3},"title":"Contabilidad e impuestos","author":"josuevargas7","date":"November 11, 2022","format":false,"excerpt":"Contabilidad e impuestos Cumplimiento de obligaciones fiscales Contabilidad y determinaci\u00f3n de impuestos de peque\u00f1as y medianas empresas, as\u00ed como de personas f\u00edsicas; Te apoyamos en el debido cumplimiento de tus obligaciones fiscales; Te apoyamos a generar tu informaci\u00f3n contable, para una correcta toma de decisiones dentro de tu empresa; Restructuraci\u00f3n\u2026","rel":"","context":"Similar post","block_context":{"text":"Similar post","link":""},"img":{"alt_text":"","src":"https:\/\/i0.wp.com\/jvafiscalistas.com\/wp-content\/uploads\/2022\/11\/windows-qtpt4WGlz3Y-unsplash-1024x683.webp?resize=350%2C200&ssl=1","width":350,"height":200,"srcset":"https:\/\/i0.wp.com\/jvafiscalistas.com\/wp-content\/uploads\/2022\/11\/windows-qtpt4WGlz3Y-unsplash-1024x683.webp?resize=350%2C200&ssl=1 1x, https:\/\/i0.wp.com\/jvafiscalistas.com\/wp-content\/uploads\/2022\/11\/windows-qtpt4WGlz3Y-unsplash-1024x683.webp?resize=525%2C300&ssl=1 1.5x, https:\/\/i0.wp.com\/jvafiscalistas.com\/wp-content\/uploads\/2022\/11\/windows-qtpt4WGlz3Y-unsplash-1024x683.webp?resize=700%2C400&ssl=1 2x"},"classes":[]},{"id":41,"url":"https:\/\/jvafiscalistas.com\/en\/nosotros\/","url_meta":{"origin":854,"position":4},"title":"Nosotros","author":"josuevargas7","date":"November 10, 2022","format":false,"excerpt":"Nuestro equipo Nuestros socios Dr. M. Josu\u00e9 Vargas Estrada Socio Director Doctorados: Doctor en Derecho, Universidad Carlos III de Madrid, Espa\u00f1a; Doctorando en Derecho, UPAEP, Puebla; Doctorando en Ciencias de lo Fiscal, IEE, CDMX; Maestr\u00edas: M\u00e1ster en Derecho, Universidad Carlos III de Madrid, Espa\u00f1a; Maestro en Derecho Fiscal, IEE, Monterrey;\u2026","rel":"","context":"Similar post","block_context":{"text":"Similar post","link":""},"img":{"alt_text":"","src":"https:\/\/i0.wp.com\/jvafiscalistas.com\/wp-content\/uploads\/2022\/11\/raj-rana-zCQsBI7ZltQ-unsplash-1024x683.webp?resize=350%2C200&ssl=1","width":350,"height":200,"srcset":"https:\/\/i0.wp.com\/jvafiscalistas.com\/wp-content\/uploads\/2022\/11\/raj-rana-zCQsBI7ZltQ-unsplash-1024x683.webp?resize=350%2C200&ssl=1 1x, https:\/\/i0.wp.com\/jvafiscalistas.com\/wp-content\/uploads\/2022\/11\/raj-rana-zCQsBI7ZltQ-unsplash-1024x683.webp?resize=525%2C300&ssl=1 1.5x, https:\/\/i0.wp.com\/jvafiscalistas.com\/wp-content\/uploads\/2022\/11\/raj-rana-zCQsBI7ZltQ-unsplash-1024x683.webp?resize=700%2C400&ssl=1 2x"},"classes":[]},{"id":50,"url":"https:\/\/jvafiscalistas.com\/en\/derecho-administrativo\/","url_meta":{"origin":854,"position":5},"title":"Derecho Administrativo","author":"josuevargas7","date":"November 11, 2022","format":false,"excerpt":"Derecho Administrativo Asesor\u00eda y litigio administrativo Defensa legal en contra de sanciones impuestas por \u00f3rganos de la administraci\u00f3n p\u00fablica federal, estatal o municipal; Defensa legal ante la imposici\u00f3n de responsabilidades de servidores p\u00fablicos; Asesor\u00eda en la participaci\u00f3n de licitaciones p\u00fablicas; Interpretaci\u00f3n, atenci\u00f3n y defensa jur\u00eddica ante contratos de obras p\u00fablicas,\u2026","rel":"","context":"Similar post","block_context":{"text":"Similar post","link":""},"img":{"alt_text":"","src":"https:\/\/i0.wp.com\/jvafiscalistas.com\/wp-content\/uploads\/2022\/11\/john-calma-fB23CCv6sZY-unsplash-1024x768.webp?resize=350%2C200&ssl=1","width":350,"height":200,"srcset":"https:\/\/i0.wp.com\/jvafiscalistas.com\/wp-content\/uploads\/2022\/11\/john-calma-fB23CCv6sZY-unsplash-1024x768.webp?resize=350%2C200&ssl=1 1x, https:\/\/i0.wp.com\/jvafiscalistas.com\/wp-content\/uploads\/2022\/11\/john-calma-fB23CCv6sZY-unsplash-1024x768.webp?resize=525%2C300&ssl=1 1.5x, https:\/\/i0.wp.com\/jvafiscalistas.com\/wp-content\/uploads\/2022\/11\/john-calma-fB23CCv6sZY-unsplash-1024x768.webp?resize=700%2C400&ssl=1 2x"},"classes":[]}],"jetpack_sharing_enabled":true,"_links":{"self":[{"href":"https:\/\/jvafiscalistas.com\/en\/wp-json\/wp\/v2\/pages\/854","targetHints":{"allow":["GET"]}}],"collection":[{"href":"https:\/\/jvafiscalistas.com\/en\/wp-json\/wp\/v2\/pages"}],"about":[{"href":"https:\/\/jvafiscalistas.com\/en\/wp-json\/wp\/v2\/types\/page"}],"author":[{"embeddable":true,"href":"https:\/\/jvafiscalistas.com\/en\/wp-json\/wp\/v2\/users\/1"}],"replies":[{"embeddable":true,"href":"https:\/\/jvafiscalistas.com\/en\/wp-json\/wp\/v2\/comments?post=854"}],"version-history":[{"count":1,"href":"https:\/\/jvafiscalistas.com\/en\/wp-json\/wp\/v2\/pages\/854\/revisions"}],"predecessor-version":[{"id":855,"href":"https:\/\/jvafiscalistas.com\/en\/wp-json\/wp\/v2\/pages\/854\/revisions\/855"}],"wp:attachment":[{"href":"https:\/\/jvafiscalistas.com\/en\/wp-json\/wp\/v2\/media?parent=854"}],"curies":[{"name":"wp","href":"https:\/\/api.w.org\/{rel}","templated":true}]}}