{"id":61,"date":"2022-11-11T04:05:51","date_gmt":"2022-11-11T04:05:51","guid":{"rendered":"https:\/\/jvafiscalistas.com\/?page_id=61"},"modified":"2022-11-11T04:06:25","modified_gmt":"2022-11-11T04:06:25","slug":"jva-fiscalistas-s-c","status":"publish","type":"page","link":"https:\/\/jvafiscalistas.com\/en\/jva-fiscalistas-s-c\/","title":{"rendered":"JVA Fiscalistas, S.C. | Consultor\u00eda y litigio fiscal"},"content":{"rendered":"","protected":false},"excerpt":{"rendered":"","protected":false},"author":1,"featured_media":0,"parent":0,"menu_order":0,"comment_status":"closed","ping_status":"closed","template":"","meta":{"footnotes":""},"class_list":["post-61","page","type-page","status-publish","hentry"],"featured_image_url":[],"post_author":"Marcos Josu\u00e9 Vargas Estrada","assigned_categories":"","yoast_head":"<!-- This site is optimized with the Yoast SEO plugin v27.4 - https:\/\/yoast.com\/product\/yoast-seo-wordpress\/ -->\n<title>JVA Fiscalistas, S.C. | Consultor\u00eda y litigio fiscal - JVA Fiscalistas, S.C.<\/title>\n<meta name=\"robots\" content=\"index, follow, max-snippet:-1, max-image-preview:large, max-video-preview:-1\" \/>\n<link rel=\"canonical\" href=\"https:\/\/jvafiscalistas.com\/en\/jva-fiscalistas-s-c\/\" \/>\n<meta property=\"og:locale\" content=\"en_US\" \/>\n<meta property=\"og:type\" content=\"article\" \/>\n<meta property=\"og:title\" content=\"JVA Fiscalistas, S.C. | Consultor\u00eda y litigio fiscal - JVA Fiscalistas, S.C.\" \/>\n<meta property=\"og:url\" content=\"https:\/\/jvafiscalistas.com\/en\/jva-fiscalistas-s-c\/\" \/>\n<meta property=\"og:site_name\" content=\"JVA Fiscalistas, S.C.\" \/>\n<meta property=\"article:modified_time\" content=\"2022-11-11T04:06:25+00:00\" \/>\n<meta property=\"og:image\" content=\"https:\/\/i0.wp.com\/jvafiscalistas.com\/wp-content\/uploads\/2022\/11\/cropped-LOGO-PNG-e1730273159535.png?fit=100%2C100&ssl=1\" \/>\n\t<meta property=\"og:image:width\" content=\"100\" \/>\n\t<meta property=\"og:image:height\" content=\"100\" \/>\n\t<meta property=\"og:image:type\" content=\"image\/png\" \/>\n<meta name=\"twitter:card\" content=\"summary_large_image\" \/>\n<script type=\"application\/ld+json\" class=\"yoast-schema-graph\">{\"@context\":\"https:\\\/\\\/schema.org\",\"@graph\":[{\"@type\":\"WebPage\",\"@id\":\"https:\\\/\\\/jvafiscalistas.com\\\/jva-fiscalistas-s-c\\\/\",\"url\":\"https:\\\/\\\/jvafiscalistas.com\\\/jva-fiscalistas-s-c\\\/\",\"name\":\"JVA Fiscalistas, S.C. | Consultor\u00eda y litigio fiscal - JVA Fiscalistas, S.C.\",\"isPartOf\":{\"@id\":\"https:\\\/\\\/jvafiscalistas.com\\\/#website\"},\"datePublished\":\"2022-11-11T04:05:51+00:00\",\"dateModified\":\"2022-11-11T04:06:25+00:00\",\"breadcrumb\":{\"@id\":\"https:\\\/\\\/jvafiscalistas.com\\\/jva-fiscalistas-s-c\\\/#breadcrumb\"},\"inLanguage\":\"en-US\",\"potentialAction\":[{\"@type\":\"ReadAction\",\"target\":[\"https:\\\/\\\/jvafiscalistas.com\\\/jva-fiscalistas-s-c\\\/\"]}]},{\"@type\":\"BreadcrumbList\",\"@id\":\"https:\\\/\\\/jvafiscalistas.com\\\/jva-fiscalistas-s-c\\\/#breadcrumb\",\"itemListElement\":[{\"@type\":\"ListItem\",\"position\":1,\"name\":\"Home\",\"item\":\"https:\\\/\\\/jvafiscalistas.com\\\/\"},{\"@type\":\"ListItem\",\"position\":2,\"name\":\"JVA Fiscalistas, S.C. | Consultor\u00eda y litigio fiscal\"}]},{\"@type\":\"WebSite\",\"@id\":\"https:\\\/\\\/jvafiscalistas.com\\\/#website\",\"url\":\"https:\\\/\\\/jvafiscalistas.com\\\/\",\"name\":\"JVA Fiscalistas, S.C.\",\"description\":\"Despacho especializado en consultor\u00eda de negocios y litigio fiscal\",\"publisher\":{\"@id\":\"https:\\\/\\\/jvafiscalistas.com\\\/#organization\"},\"potentialAction\":[{\"@type\":\"SearchAction\",\"target\":{\"@type\":\"EntryPoint\",\"urlTemplate\":\"https:\\\/\\\/jvafiscalistas.com\\\/?s={search_term_string}\"},\"query-input\":{\"@type\":\"PropertyValueSpecification\",\"valueRequired\":true,\"valueName\":\"search_term_string\"}}],\"inLanguage\":\"en-US\"},{\"@type\":\"Organization\",\"@id\":\"https:\\\/\\\/jvafiscalistas.com\\\/#organization\",\"name\":\"JVA Fiscalistas, S.C.\",\"url\":\"https:\\\/\\\/jvafiscalistas.com\\\/\",\"logo\":{\"@type\":\"ImageObject\",\"inLanguage\":\"en-US\",\"@id\":\"https:\\\/\\\/jvafiscalistas.com\\\/#\\\/schema\\\/logo\\\/image\\\/\",\"url\":\"https:\\\/\\\/jvafiscalistas.com\\\/wp-content\\\/uploads\\\/2022\\\/11\\\/cropped-LOGO-PNG-e1730273159535.png\",\"contentUrl\":\"https:\\\/\\\/jvafiscalistas.com\\\/wp-content\\\/uploads\\\/2022\\\/11\\\/cropped-LOGO-PNG-e1730273159535.png\",\"width\":100,\"height\":100,\"caption\":\"JVA Fiscalistas, S.C.\"},\"image\":{\"@id\":\"https:\\\/\\\/jvafiscalistas.com\\\/#\\\/schema\\\/logo\\\/image\\\/\"}}]}<\/script>\n<!-- \/ Yoast SEO plugin. -->","yoast_head_json":{"title":"JVA Fiscalistas, S.C. | Consultor\u00eda y litigio fiscal - JVA Fiscalistas, S.C.","robots":{"index":"index","follow":"follow","max-snippet":"max-snippet:-1","max-image-preview":"max-image-preview:large","max-video-preview":"max-video-preview:-1"},"canonical":"https:\/\/jvafiscalistas.com\/en\/jva-fiscalistas-s-c\/","og_locale":"en_US","og_type":"article","og_title":"JVA Fiscalistas, S.C. | Consultor\u00eda y litigio fiscal - JVA Fiscalistas, S.C.","og_url":"https:\/\/jvafiscalistas.com\/en\/jva-fiscalistas-s-c\/","og_site_name":"JVA Fiscalistas, S.C.","article_modified_time":"2022-11-11T04:06:25+00:00","og_image":[{"width":100,"height":100,"url":"https:\/\/i0.wp.com\/jvafiscalistas.com\/wp-content\/uploads\/2022\/11\/cropped-LOGO-PNG-e1730273159535.png?fit=100%2C100&ssl=1","type":"image\/png"}],"twitter_card":"summary_large_image","schema":{"@context":"https:\/\/schema.org","@graph":[{"@type":"WebPage","@id":"https:\/\/jvafiscalistas.com\/jva-fiscalistas-s-c\/","url":"https:\/\/jvafiscalistas.com\/jva-fiscalistas-s-c\/","name":"JVA Fiscalistas, S.C. | Consultor\u00eda y litigio fiscal - JVA Fiscalistas, S.C.","isPartOf":{"@id":"https:\/\/jvafiscalistas.com\/#website"},"datePublished":"2022-11-11T04:05:51+00:00","dateModified":"2022-11-11T04:06:25+00:00","breadcrumb":{"@id":"https:\/\/jvafiscalistas.com\/jva-fiscalistas-s-c\/#breadcrumb"},"inLanguage":"en-US","potentialAction":[{"@type":"ReadAction","target":["https:\/\/jvafiscalistas.com\/jva-fiscalistas-s-c\/"]}]},{"@type":"BreadcrumbList","@id":"https:\/\/jvafiscalistas.com\/jva-fiscalistas-s-c\/#breadcrumb","itemListElement":[{"@type":"ListItem","position":1,"name":"Home","item":"https:\/\/jvafiscalistas.com\/"},{"@type":"ListItem","position":2,"name":"JVA Fiscalistas, S.C. | Consultor\u00eda y litigio fiscal"}]},{"@type":"WebSite","@id":"https:\/\/jvafiscalistas.com\/#website","url":"https:\/\/jvafiscalistas.com\/","name":"JVA Fiscalistas, S.C.","description":"Despacho especializado en consultor\u00eda de negocios y litigio fiscal","publisher":{"@id":"https:\/\/jvafiscalistas.com\/#organization"},"potentialAction":[{"@type":"SearchAction","target":{"@type":"EntryPoint","urlTemplate":"https:\/\/jvafiscalistas.com\/?s={search_term_string}"},"query-input":{"@type":"PropertyValueSpecification","valueRequired":true,"valueName":"search_term_string"}}],"inLanguage":"en-US"},{"@type":"Organization","@id":"https:\/\/jvafiscalistas.com\/#organization","name":"JVA Fiscalistas, S.C.","url":"https:\/\/jvafiscalistas.com\/","logo":{"@type":"ImageObject","inLanguage":"en-US","@id":"https:\/\/jvafiscalistas.com\/#\/schema\/logo\/image\/","url":"https:\/\/jvafiscalistas.com\/wp-content\/uploads\/2022\/11\/cropped-LOGO-PNG-e1730273159535.png","contentUrl":"https:\/\/jvafiscalistas.com\/wp-content\/uploads\/2022\/11\/cropped-LOGO-PNG-e1730273159535.png","width":100,"height":100,"caption":"JVA Fiscalistas, S.C."},"image":{"@id":"https:\/\/jvafiscalistas.com\/#\/schema\/logo\/image\/"}}]}},"jetpack-related-posts":[{"id":414,"url":"https:\/\/jvafiscalistas.com\/en\/jvainstituto\/","url_meta":{"origin":61,"position":0},"title":"Formaci\u00f3n en Derecho Fiscal | JVA Instituto","author":"josuevargas7","date":"July 3, 2024","format":false,"excerpt":"Instituto de Estudios en Filosof\u00eda Fiscal JVA, S.C. JVA Instituto Conoce la formaci\u00f3n en materia fiscal que JVA tiene para ti Pr\u00f3ximos cursos (on line, v\u00eda Zoom) Software necesario, descargable de manera gratuita aqu\u00ed. Introducci\u00f3n a la teor\u00eda jur\u00eddica de los derechos humanos I: fundamentos filos\u00f3ficos Duraci\u00f3n: 2:00 hr Material\u2026","rel":"","context":"Similar post","block_context":{"text":"Similar post","link":""},"img":{"alt_text":"","src":"https:\/\/i0.wp.com\/jvafiscalistas.com\/wp-content\/uploads\/2022\/11\/nastuh-abootalebi-JdcJn85xD2k-unsplash-1024x684.webp?resize=350%2C200&ssl=1","width":350,"height":200,"srcset":"https:\/\/i0.wp.com\/jvafiscalistas.com\/wp-content\/uploads\/2022\/11\/nastuh-abootalebi-JdcJn85xD2k-unsplash-1024x684.webp?resize=350%2C200&ssl=1 1x, https:\/\/i0.wp.com\/jvafiscalistas.com\/wp-content\/uploads\/2022\/11\/nastuh-abootalebi-JdcJn85xD2k-unsplash-1024x684.webp?resize=525%2C300&ssl=1 1.5x, https:\/\/i0.wp.com\/jvafiscalistas.com\/wp-content\/uploads\/2022\/11\/nastuh-abootalebi-JdcJn85xD2k-unsplash-1024x684.webp?resize=700%2C400&ssl=1 2x"},"classes":[]},{"id":41,"url":"https:\/\/jvafiscalistas.com\/en\/nosotros\/","url_meta":{"origin":61,"position":1},"title":"Nosotros","author":"josuevargas7","date":"November 10, 2022","format":false,"excerpt":"Nuestro equipo Nuestros socios Dr. M. Josu\u00e9 Vargas Estrada Socio Director Doctorados: Doctor en Derecho, Universidad Carlos III de Madrid, Espa\u00f1a; Doctorando en Derecho, UPAEP, Puebla; Doctorando en Ciencias de lo Fiscal, IEE, CDMX; Maestr\u00edas: M\u00e1ster en Derecho, Universidad Carlos III de Madrid, Espa\u00f1a; Maestro en Derecho Fiscal, IEE, Monterrey;\u2026","rel":"","context":"Similar post","block_context":{"text":"Similar post","link":""},"img":{"alt_text":"","src":"https:\/\/i0.wp.com\/jvafiscalistas.com\/wp-content\/uploads\/2022\/11\/raj-rana-zCQsBI7ZltQ-unsplash-1024x683.webp?resize=350%2C200&ssl=1","width":350,"height":200,"srcset":"https:\/\/i0.wp.com\/jvafiscalistas.com\/wp-content\/uploads\/2022\/11\/raj-rana-zCQsBI7ZltQ-unsplash-1024x683.webp?resize=350%2C200&ssl=1 1x, https:\/\/i0.wp.com\/jvafiscalistas.com\/wp-content\/uploads\/2022\/11\/raj-rana-zCQsBI7ZltQ-unsplash-1024x683.webp?resize=525%2C300&ssl=1 1.5x, https:\/\/i0.wp.com\/jvafiscalistas.com\/wp-content\/uploads\/2022\/11\/raj-rana-zCQsBI7ZltQ-unsplash-1024x683.webp?resize=700%2C400&ssl=1 2x"},"classes":[]},{"id":45,"url":"https:\/\/jvafiscalistas.com\/en\/derecho-fiscal\/","url_meta":{"origin":61,"position":2},"title":"Derecho Fiscal","author":"josuevargas7","date":"November 10, 2022","format":false,"excerpt":"Litigio fiscal Defensa jur\u00eddica ante autoridades fiscales Estudio e implementaci\u00f3n de litigios estrat\u00e9gicos en materia fiscal; Asesor\u00eda ante el inicio de las facultades de comprobaci\u00f3n por parte de las autoridades fiscales (visitas domiciliarias, revisiones secuenciales o auditor\u00edas electr\u00f3nicas); Preparaci\u00f3n de pruebas y desahogo de instancias procesales especificas; Preparaci\u00f3n de contestaciones\u2026","rel":"","context":"Similar post","block_context":{"text":"Similar post","link":""},"img":{"alt_text":"","src":"https:\/\/i0.wp.com\/jvafiscalistas.com\/wp-content\/uploads\/2022\/11\/copernico-cLmOptqvuFQ-unsplash-scaled.webp?resize=350%2C200&ssl=1","width":350,"height":200,"srcset":"https:\/\/i0.wp.com\/jvafiscalistas.com\/wp-content\/uploads\/2022\/11\/copernico-cLmOptqvuFQ-unsplash-scaled.webp?resize=350%2C200&ssl=1 1x, https:\/\/i0.wp.com\/jvafiscalistas.com\/wp-content\/uploads\/2022\/11\/copernico-cLmOptqvuFQ-unsplash-scaled.webp?resize=525%2C300&ssl=1 1.5x, https:\/\/i0.wp.com\/jvafiscalistas.com\/wp-content\/uploads\/2022\/11\/copernico-cLmOptqvuFQ-unsplash-scaled.webp?resize=700%2C400&ssl=1 2x, https:\/\/i0.wp.com\/jvafiscalistas.com\/wp-content\/uploads\/2022\/11\/copernico-cLmOptqvuFQ-unsplash-scaled.webp?resize=1050%2C600&ssl=1 3x, https:\/\/i0.wp.com\/jvafiscalistas.com\/wp-content\/uploads\/2022\/11\/copernico-cLmOptqvuFQ-unsplash-scaled.webp?resize=1400%2C800&ssl=1 4x"},"classes":[]},{"id":43,"url":"https:\/\/jvafiscalistas.com\/en\/soluciones\/","url_meta":{"origin":61,"position":3},"title":"Soluciones","author":"josuevargas7","date":"November 10, 2022","format":false,"excerpt":"Soluciones legales y empresariales Derecho fiscal Derecho administrativo Derecho corporativo Propiedad intelectual Contabilidad e impuestos Finanzas corporativas Formaci\u00f3n en Derechos Humanos y Derecho Fiscal para el Desarrollo Empresarial | JVA Instituto","rel":"","context":"Similar post","block_context":{"text":"Similar post","link":""},"img":{"alt_text":"","src":"https:\/\/i0.wp.com\/jvafiscalistas.com\/wp-content\/uploads\/2022\/11\/ant-rozetsky-HXOllTSwrpM-unsplash-1024x576.webp?resize=350%2C200&ssl=1","width":350,"height":200,"srcset":"https:\/\/i0.wp.com\/jvafiscalistas.com\/wp-content\/uploads\/2022\/11\/ant-rozetsky-HXOllTSwrpM-unsplash-1024x576.webp?resize=350%2C200&ssl=1 1x, https:\/\/i0.wp.com\/jvafiscalistas.com\/wp-content\/uploads\/2022\/11\/ant-rozetsky-HXOllTSwrpM-unsplash-1024x576.webp?resize=525%2C300&ssl=1 1.5x, https:\/\/i0.wp.com\/jvafiscalistas.com\/wp-content\/uploads\/2022\/11\/ant-rozetsky-HXOllTSwrpM-unsplash-1024x576.webp?resize=700%2C400&ssl=1 2x"},"classes":[]},{"id":511,"url":"https:\/\/jvafiscalistas.com\/en\/litigio-estrategico\/","url_meta":{"origin":61,"position":4},"title":"Bases jur\u00eddicas para el litigio estrat\u00e9gico en materia fiscal","author":"josuevargas7","date":"September 10, 2024","format":false,"excerpt":"Modulo I: Introducci\u00f3n a la teor\u00eda jur\u00eddica de los derechos humanos 2:00 hr Temario","rel":"","context":"Similar post","block_context":{"text":"Similar post","link":""},"img":{"alt_text":"","src":"https:\/\/i0.wp.com\/jvafiscalistas.com\/wp-content\/uploads\/2022\/11\/copernico-cLmOptqvuFQ-unsplash-1024x683.webp?resize=350%2C200&ssl=1","width":350,"height":200,"srcset":"https:\/\/i0.wp.com\/jvafiscalistas.com\/wp-content\/uploads\/2022\/11\/copernico-cLmOptqvuFQ-unsplash-1024x683.webp?resize=350%2C200&ssl=1 1x, https:\/\/i0.wp.com\/jvafiscalistas.com\/wp-content\/uploads\/2022\/11\/copernico-cLmOptqvuFQ-unsplash-1024x683.webp?resize=525%2C300&ssl=1 1.5x, https:\/\/i0.wp.com\/jvafiscalistas.com\/wp-content\/uploads\/2022\/11\/copernico-cLmOptqvuFQ-unsplash-1024x683.webp?resize=700%2C400&ssl=1 2x"},"classes":[]},{"id":520,"url":"https:\/\/jvafiscalistas.com\/en\/publicaciones\/","url_meta":{"origin":61,"position":5},"title":"Publicaciones","author":"josuevargas7","date":"October 17, 2024","format":false,"excerpt":"Publicaciones Bolet\u00edn jur\u00eddico fiscal JVA Temas empresariales de actualidad Bolet\u00edn del mes de julio 2025 Archivo","rel":"","context":"Similar post","block_context":{"text":"Similar post","link":""},"img":{"alt_text":"","src":"https:\/\/i0.wp.com\/jvafiscalistas.com\/wp-content\/uploads\/2022\/11\/croissant-m3kOyzCIQvE-unsplash-scaled.webp?resize=350%2C200&ssl=1","width":350,"height":200,"srcset":"https:\/\/i0.wp.com\/jvafiscalistas.com\/wp-content\/uploads\/2022\/11\/croissant-m3kOyzCIQvE-unsplash-scaled.webp?resize=350%2C200&ssl=1 1x, https:\/\/i0.wp.com\/jvafiscalistas.com\/wp-content\/uploads\/2022\/11\/croissant-m3kOyzCIQvE-unsplash-scaled.webp?resize=525%2C300&ssl=1 1.5x, https:\/\/i0.wp.com\/jvafiscalistas.com\/wp-content\/uploads\/2022\/11\/croissant-m3kOyzCIQvE-unsplash-scaled.webp?resize=700%2C400&ssl=1 2x, https:\/\/i0.wp.com\/jvafiscalistas.com\/wp-content\/uploads\/2022\/11\/croissant-m3kOyzCIQvE-unsplash-scaled.webp?resize=1050%2C600&ssl=1 3x, https:\/\/i0.wp.com\/jvafiscalistas.com\/wp-content\/uploads\/2022\/11\/croissant-m3kOyzCIQvE-unsplash-scaled.webp?resize=1400%2C800&ssl=1 4x"},"classes":[]}],"jetpack_sharing_enabled":true,"_links":{"self":[{"href":"https:\/\/jvafiscalistas.com\/en\/wp-json\/wp\/v2\/pages\/61","targetHints":{"allow":["GET"]}}],"collection":[{"href":"https:\/\/jvafiscalistas.com\/en\/wp-json\/wp\/v2\/pages"}],"about":[{"href":"https:\/\/jvafiscalistas.com\/en\/wp-json\/wp\/v2\/types\/page"}],"author":[{"embeddable":true,"href":"https:\/\/jvafiscalistas.com\/en\/wp-json\/wp\/v2\/users\/1"}],"replies":[{"embeddable":true,"href":"https:\/\/jvafiscalistas.com\/en\/wp-json\/wp\/v2\/comments?post=61"}],"version-history":[{"count":2,"href":"https:\/\/jvafiscalistas.com\/en\/wp-json\/wp\/v2\/pages\/61\/revisions"}],"predecessor-version":[{"id":63,"href":"https:\/\/jvafiscalistas.com\/en\/wp-json\/wp\/v2\/pages\/61\/revisions\/63"}],"wp:attachment":[{"href":"https:\/\/jvafiscalistas.com\/en\/wp-json\/wp\/v2\/media?parent=61"}],"curies":[{"name":"wp","href":"https:\/\/api.w.org\/{rel}","templated":true}]}}