{"id":520,"date":"2024-10-17T18:29:30","date_gmt":"2024-10-17T18:29:30","guid":{"rendered":"https:\/\/jvafiscalistas.com\/?page_id=520"},"modified":"2025-07-22T05:47:02","modified_gmt":"2025-07-22T05:47:02","slug":"publicaciones","status":"publish","type":"page","link":"https:\/\/jvafiscalistas.com\/en\/publicaciones\/","title":{"rendered":"Publicaciones"},"content":{"rendered":"<div class=\"wp-block-columns is-layout-flex wp-container-core-columns-is-layout-9d6595d7 wp-block-columns-is-layout-flex\">\n<div class=\"wp-block-column is-layout-flow wp-block-column-is-layout-flow\">\n<div class=\"wp-block-cover has-white-color has-text-color has-link-color wp-elements-be6a641b26c29447e320c963087a8ead\"><img data-recalc-dims=\"1\" loading=\"lazy\" decoding=\"async\" width=\"640\" height=\"427\" class=\"wp-block-cover__image-background wp-image-120\" alt=\"\" src=\"https:\/\/i0.wp.com\/jvafiscalistas.com\/wp-content\/uploads\/2022\/11\/croissant-m3kOyzCIQvE-unsplash-scaled.webp?resize=640%2C427&#038;ssl=1\" data-object-fit=\"cover\" srcset=\"https:\/\/i0.wp.com\/jvafiscalistas.com\/wp-content\/uploads\/2022\/11\/croissant-m3kOyzCIQvE-unsplash-scaled.webp?w=2560&amp;ssl=1 2560w, https:\/\/i0.wp.com\/jvafiscalistas.com\/wp-content\/uploads\/2022\/11\/croissant-m3kOyzCIQvE-unsplash-scaled.webp?resize=300%2C200&amp;ssl=1 300w, https:\/\/i0.wp.com\/jvafiscalistas.com\/wp-content\/uploads\/2022\/11\/croissant-m3kOyzCIQvE-unsplash-scaled.webp?resize=1024%2C683&amp;ssl=1 1024w, https:\/\/i0.wp.com\/jvafiscalistas.com\/wp-content\/uploads\/2022\/11\/croissant-m3kOyzCIQvE-unsplash-scaled.webp?resize=768%2C512&amp;ssl=1 768w, https:\/\/i0.wp.com\/jvafiscalistas.com\/wp-content\/uploads\/2022\/11\/croissant-m3kOyzCIQvE-unsplash-scaled.webp?resize=1536%2C1024&amp;ssl=1 1536w, https:\/\/i0.wp.com\/jvafiscalistas.com\/wp-content\/uploads\/2022\/11\/croissant-m3kOyzCIQvE-unsplash-scaled.webp?resize=2048%2C1365&amp;ssl=1 2048w, https:\/\/i0.wp.com\/jvafiscalistas.com\/wp-content\/uploads\/2022\/11\/croissant-m3kOyzCIQvE-unsplash-scaled.webp?resize=18%2C12&amp;ssl=1 18w, https:\/\/i0.wp.com\/jvafiscalistas.com\/wp-content\/uploads\/2022\/11\/croissant-m3kOyzCIQvE-unsplash-scaled.webp?resize=600%2C400&amp;ssl=1 600w, https:\/\/i0.wp.com\/jvafiscalistas.com\/wp-content\/uploads\/2022\/11\/croissant-m3kOyzCIQvE-unsplash-scaled.webp?w=1280&amp;ssl=1 1280w, https:\/\/i0.wp.com\/jvafiscalistas.com\/wp-content\/uploads\/2022\/11\/croissant-m3kOyzCIQvE-unsplash-scaled.webp?w=1920&amp;ssl=1 1920w\" sizes=\"auto, (max-width: 640px) 100vw, 640px\" \/><span aria-hidden=\"true\" class=\"wp-block-cover__background has-black-background-color has-background-dim-30 has-background-dim\"><\/span><div class=\"wp-block-cover__inner-container is-layout-flow wp-block-cover-is-layout-flow\">\n<p class=\"has-text-align-center has-large-font-size\">Publicaciones <\/p>\n<\/div><\/div>\n<\/div>\n<\/div>\n\n\n\n<div style=\"height:100px\" aria-hidden=\"true\" class=\"wp-block-spacer\"><\/div>\n\n\n\n<div class=\"wp-block-columns is-layout-flex wp-container-core-columns-is-layout-9d6595d7 wp-block-columns-is-layout-flex\">\n<div class=\"wp-block-column is-layout-flow wp-block-column-is-layout-flow\" style=\"flex-basis:33.33%\">\n<div class=\"wp-block-cover is-light has-white-color has-text-color has-link-color wp-elements-3bddc31d2bdc9833a76d9f6cedde0fe0\"><img data-recalc-dims=\"1\" loading=\"lazy\" decoding=\"async\" width=\"640\" height=\"427\" class=\"wp-block-cover__image-background wp-image-605\" alt=\"\" src=\"https:\/\/i0.wp.com\/jvafiscalistas.com\/wp-content\/uploads\/2024\/10\/patrick-perkins-ETRPjvb0KM0-unsplash-scaled.jpg?resize=640%2C427&#038;ssl=1\" data-object-fit=\"cover\" srcset=\"https:\/\/i0.wp.com\/jvafiscalistas.com\/wp-content\/uploads\/2024\/10\/patrick-perkins-ETRPjvb0KM0-unsplash-scaled.jpg?w=2560&amp;ssl=1 2560w, https:\/\/i0.wp.com\/jvafiscalistas.com\/wp-content\/uploads\/2024\/10\/patrick-perkins-ETRPjvb0KM0-unsplash-scaled.jpg?resize=300%2C200&amp;ssl=1 300w, https:\/\/i0.wp.com\/jvafiscalistas.com\/wp-content\/uploads\/2024\/10\/patrick-perkins-ETRPjvb0KM0-unsplash-scaled.jpg?resize=1024%2C683&amp;ssl=1 1024w, https:\/\/i0.wp.com\/jvafiscalistas.com\/wp-content\/uploads\/2024\/10\/patrick-perkins-ETRPjvb0KM0-unsplash-scaled.jpg?resize=768%2C512&amp;ssl=1 768w, https:\/\/i0.wp.com\/jvafiscalistas.com\/wp-content\/uploads\/2024\/10\/patrick-perkins-ETRPjvb0KM0-unsplash-scaled.jpg?resize=1536%2C1024&amp;ssl=1 1536w, https:\/\/i0.wp.com\/jvafiscalistas.com\/wp-content\/uploads\/2024\/10\/patrick-perkins-ETRPjvb0KM0-unsplash-scaled.jpg?resize=2048%2C1365&amp;ssl=1 2048w, https:\/\/i0.wp.com\/jvafiscalistas.com\/wp-content\/uploads\/2024\/10\/patrick-perkins-ETRPjvb0KM0-unsplash-scaled.jpg?resize=18%2C12&amp;ssl=1 18w, https:\/\/i0.wp.com\/jvafiscalistas.com\/wp-content\/uploads\/2024\/10\/patrick-perkins-ETRPjvb0KM0-unsplash-scaled.jpg?w=1280&amp;ssl=1 1280w, https:\/\/i0.wp.com\/jvafiscalistas.com\/wp-content\/uploads\/2024\/10\/patrick-perkins-ETRPjvb0KM0-unsplash-scaled.jpg?w=1920&amp;ssl=1 1920w\" sizes=\"auto, (max-width: 640px) 100vw, 640px\" \/><span aria-hidden=\"true\" class=\"wp-block-cover__background has-black-background-color has-background-dim-30 has-background-dim\"><\/span><div class=\"wp-block-cover__inner-container is-layout-flow wp-block-cover-is-layout-flow\">\n<p class=\"has-text-align-center has-large-font-size\">Bolet\u00edn jur\u00eddico fiscal JVA<\/p>\n<\/div><\/div>\n<\/div>\n\n\n\n<div class=\"wp-block-column is-layout-flow wp-block-column-is-layout-flow\" style=\"flex-basis:66.66%\">\n<div class=\"wp-block-cover is-light has-white-color has-text-color has-link-color wp-elements-5b102beb319a99af399a44b95e93238d\"><img data-recalc-dims=\"1\" loading=\"lazy\" decoding=\"async\" width=\"640\" height=\"960\" class=\"wp-block-cover__image-background wp-image-603\" alt=\"\" src=\"https:\/\/i0.wp.com\/jvafiscalistas.com\/wp-content\/uploads\/2024\/10\/new-data-services-nZ50HrjAFNc-unsplash-scaled.jpg?resize=640%2C960&#038;ssl=1\" data-object-fit=\"cover\" srcset=\"https:\/\/i0.wp.com\/jvafiscalistas.com\/wp-content\/uploads\/2024\/10\/new-data-services-nZ50HrjAFNc-unsplash-scaled.jpg?w=1707&amp;ssl=1 1707w, https:\/\/i0.wp.com\/jvafiscalistas.com\/wp-content\/uploads\/2024\/10\/new-data-services-nZ50HrjAFNc-unsplash-scaled.jpg?resize=200%2C300&amp;ssl=1 200w, https:\/\/i0.wp.com\/jvafiscalistas.com\/wp-content\/uploads\/2024\/10\/new-data-services-nZ50HrjAFNc-unsplash-scaled.jpg?resize=683%2C1024&amp;ssl=1 683w, https:\/\/i0.wp.com\/jvafiscalistas.com\/wp-content\/uploads\/2024\/10\/new-data-services-nZ50HrjAFNc-unsplash-scaled.jpg?resize=768%2C1152&amp;ssl=1 768w, https:\/\/i0.wp.com\/jvafiscalistas.com\/wp-content\/uploads\/2024\/10\/new-data-services-nZ50HrjAFNc-unsplash-scaled.jpg?resize=1024%2C1536&amp;ssl=1 1024w, https:\/\/i0.wp.com\/jvafiscalistas.com\/wp-content\/uploads\/2024\/10\/new-data-services-nZ50HrjAFNc-unsplash-scaled.jpg?resize=1365%2C2048&amp;ssl=1 1365w, https:\/\/i0.wp.com\/jvafiscalistas.com\/wp-content\/uploads\/2024\/10\/new-data-services-nZ50HrjAFNc-unsplash-scaled.jpg?resize=8%2C12&amp;ssl=1 8w, https:\/\/i0.wp.com\/jvafiscalistas.com\/wp-content\/uploads\/2024\/10\/new-data-services-nZ50HrjAFNc-unsplash-scaled.jpg?resize=373%2C560&amp;ssl=1 373w, https:\/\/i0.wp.com\/jvafiscalistas.com\/wp-content\/uploads\/2024\/10\/new-data-services-nZ50HrjAFNc-unsplash-scaled.jpg?w=1280&amp;ssl=1 1280w\" sizes=\"auto, (max-width: 640px) 100vw, 640px\" \/><span aria-hidden=\"true\" class=\"wp-block-cover__background has-black-background-color has-background-dim-30 has-background-dim\"><\/span><div class=\"wp-block-cover__inner-container is-layout-flow wp-block-cover-is-layout-flow\">\n<p class=\"has-text-align-center has-large-font-size\">Temas empresariales de actualidad<\/p>\n<\/div><\/div>\n\n\n\n<div style=\"height:100px\" aria-hidden=\"true\" class=\"wp-block-spacer\"><\/div>\n<\/div>\n<\/div>\n\n\n\n<div class=\"wp-block-cover\"><img data-recalc-dims=\"1\" loading=\"lazy\" decoding=\"async\" width=\"640\" height=\"960\" class=\"wp-block-cover__image-background wp-image-886\" alt=\"\" src=\"https:\/\/i0.wp.com\/jvafiscalistas.com\/wp-content\/uploads\/2025\/07\/xiyuan-du-qn70dfGa3c-unsplash.jpg?resize=640%2C960&#038;ssl=1\" data-object-fit=\"cover\" srcset=\"https:\/\/i0.wp.com\/jvafiscalistas.com\/wp-content\/uploads\/2025\/07\/xiyuan-du-qn70dfGa3c-unsplash-scaled.jpg?resize=683%2C1024&amp;ssl=1 683w, https:\/\/i0.wp.com\/jvafiscalistas.com\/wp-content\/uploads\/2025\/07\/xiyuan-du-qn70dfGa3c-unsplash-scaled.jpg?resize=200%2C300&amp;ssl=1 200w, https:\/\/i0.wp.com\/jvafiscalistas.com\/wp-content\/uploads\/2025\/07\/xiyuan-du-qn70dfGa3c-unsplash-scaled.jpg?resize=768%2C1152&amp;ssl=1 768w, https:\/\/i0.wp.com\/jvafiscalistas.com\/wp-content\/uploads\/2025\/07\/xiyuan-du-qn70dfGa3c-unsplash-scaled.jpg?resize=1024%2C1536&amp;ssl=1 1024w, https:\/\/i0.wp.com\/jvafiscalistas.com\/wp-content\/uploads\/2025\/07\/xiyuan-du-qn70dfGa3c-unsplash-scaled.jpg?resize=1365%2C2048&amp;ssl=1 1365w, https:\/\/i0.wp.com\/jvafiscalistas.com\/wp-content\/uploads\/2025\/07\/xiyuan-du-qn70dfGa3c-unsplash-scaled.jpg?resize=8%2C12&amp;ssl=1 8w, https:\/\/i0.wp.com\/jvafiscalistas.com\/wp-content\/uploads\/2025\/07\/xiyuan-du-qn70dfGa3c-unsplash-scaled.jpg?resize=373%2C560&amp;ssl=1 373w, https:\/\/i0.wp.com\/jvafiscalistas.com\/wp-content\/uploads\/2025\/07\/xiyuan-du-qn70dfGa3c-unsplash-scaled.jpg?resize=600%2C900&amp;ssl=1 600w, https:\/\/i0.wp.com\/jvafiscalistas.com\/wp-content\/uploads\/2025\/07\/xiyuan-du-qn70dfGa3c-unsplash-scaled.jpg?w=1707&amp;ssl=1 1707w, https:\/\/i0.wp.com\/jvafiscalistas.com\/wp-content\/uploads\/2025\/07\/xiyuan-du-qn70dfGa3c-unsplash-scaled.jpg?w=1280&amp;ssl=1 1280w\" sizes=\"auto, (max-width: 640px) 100vw, 640px\" \/><span aria-hidden=\"true\" class=\"wp-block-cover__background has-background-dim\"><\/span><div class=\"wp-block-cover__inner-container is-layout-flow wp-block-cover-is-layout-flow\">\n<p class=\"has-text-align-center has-large-font-size\">Bolet\u00edn del mes de julio 2025<\/p>\n<\/div><\/div>\n\n\n\n<div style=\"height:100px\" aria-hidden=\"true\" class=\"wp-block-spacer\"><\/div>\n\n\n<iframe class=\"embed-pdf-viewer\" src=\"https:\/\/jvafiscalistas.com\/wp-content\/uploads\/2025\/07\/JVA_Julio_25.pdf\" height=\"1188\" width=\"1188\" title=\"JVA_Julio_25\"><\/iframe>\n\n\n<div style=\"height:100px\" aria-hidden=\"true\" class=\"wp-block-spacer\"><\/div>\n\n\n\n<div class=\"wp-block-cover\"><img data-recalc-dims=\"1\" loading=\"lazy\" decoding=\"async\" width=\"640\" height=\"427\" class=\"wp-block-cover__image-background wp-image-647\" alt=\"\" src=\"https:\/\/i0.wp.com\/jvafiscalistas.com\/wp-content\/uploads\/2024\/10\/inaki-del-olmo-NIJuEQw0RKg-unsplash.jpg?resize=640%2C427&#038;ssl=1\" data-object-fit=\"cover\" srcset=\"https:\/\/i0.wp.com\/jvafiscalistas.com\/wp-content\/uploads\/2024\/10\/inaki-del-olmo-NIJuEQw0RKg-unsplash.jpg?resize=1024%2C683&amp;ssl=1 1024w, https:\/\/i0.wp.com\/jvafiscalistas.com\/wp-content\/uploads\/2024\/10\/inaki-del-olmo-NIJuEQw0RKg-unsplash.jpg?resize=300%2C200&amp;ssl=1 300w, https:\/\/i0.wp.com\/jvafiscalistas.com\/wp-content\/uploads\/2024\/10\/inaki-del-olmo-NIJuEQw0RKg-unsplash.jpg?resize=768%2C512&amp;ssl=1 768w, https:\/\/i0.wp.com\/jvafiscalistas.com\/wp-content\/uploads\/2024\/10\/inaki-del-olmo-NIJuEQw0RKg-unsplash.jpg?resize=1536%2C1024&amp;ssl=1 1536w, https:\/\/i0.wp.com\/jvafiscalistas.com\/wp-content\/uploads\/2024\/10\/inaki-del-olmo-NIJuEQw0RKg-unsplash.jpg?resize=2048%2C1365&amp;ssl=1 2048w, https:\/\/i0.wp.com\/jvafiscalistas.com\/wp-content\/uploads\/2024\/10\/inaki-del-olmo-NIJuEQw0RKg-unsplash.jpg?resize=18%2C12&amp;ssl=1 18w, https:\/\/i0.wp.com\/jvafiscalistas.com\/wp-content\/uploads\/2024\/10\/inaki-del-olmo-NIJuEQw0RKg-unsplash.jpg?w=1280&amp;ssl=1 1280w, https:\/\/i0.wp.com\/jvafiscalistas.com\/wp-content\/uploads\/2024\/10\/inaki-del-olmo-NIJuEQw0RKg-unsplash.jpg?w=1920&amp;ssl=1 1920w\" sizes=\"auto, (max-width: 640px) 100vw, 640px\" \/><span aria-hidden=\"true\" class=\"wp-block-cover__background has-black-background-color has-background-dim-30 has-background-dim\"><\/span><div class=\"wp-block-cover__inner-container is-layout-flow wp-block-cover-is-layout-flow\">\n<p class=\"has-text-align-center has-large-font-size\"><a href=\"https:\/\/jvafiscalistas.com\/en\/archivo-de-publicaciones\/\">Archivo<\/a><\/p>\n<\/div><\/div>\n\n\n\n<div style=\"height:100px\" aria-hidden=\"true\" class=\"wp-block-spacer\"><\/div>","protected":false},"excerpt":{"rendered":"","protected":false},"author":1,"featured_media":0,"parent":0,"menu_order":0,"comment_status":"closed","ping_status":"closed","template":"","meta":{"footnotes":""},"class_list":["post-520","page","type-page","status-publish","hentry"],"featured_image_url":[],"post_author":"Marcos Josu\u00e9 Vargas Estrada","assigned_categories":"","yoast_head":"<!-- This site is optimized with the Yoast SEO plugin v27.4 - https:\/\/yoast.com\/product\/yoast-seo-wordpress\/ -->\n<title>Publicaciones - JVA Fiscalistas, S.C.<\/title>\n<meta name=\"robots\" content=\"index, follow, max-snippet:-1, max-image-preview:large, max-video-preview:-1\" \/>\n<link rel=\"canonical\" href=\"https:\/\/jvafiscalistas.com\/en\/publicaciones\/\" \/>\n<meta property=\"og:locale\" content=\"en_US\" \/>\n<meta property=\"og:type\" content=\"article\" \/>\n<meta property=\"og:title\" content=\"Publicaciones - JVA Fiscalistas, S.C.\" \/>\n<meta property=\"og:url\" content=\"https:\/\/jvafiscalistas.com\/en\/publicaciones\/\" \/>\n<meta property=\"og:site_name\" content=\"JVA Fiscalistas, S.C.\" \/>\n<meta property=\"article:modified_time\" content=\"2025-07-22T05:47:02+00:00\" \/>\n<meta property=\"og:image\" content=\"https:\/\/jvafiscalistas.com\/wp-content\/uploads\/2022\/11\/croissant-m3kOyzCIQvE-unsplash-scaled.webp\" \/>\n<meta name=\"twitter:card\" content=\"summary_large_image\" \/>\n<meta name=\"twitter:label1\" content=\"Est. reading time\" \/>\n\t<meta name=\"twitter:data1\" content=\"2 minutes\" \/>\n<script type=\"application\/ld+json\" class=\"yoast-schema-graph\">{\"@context\":\"https:\\\/\\\/schema.org\",\"@graph\":[{\"@type\":\"WebPage\",\"@id\":\"https:\\\/\\\/jvafiscalistas.com\\\/publicaciones\\\/\",\"url\":\"https:\\\/\\\/jvafiscalistas.com\\\/publicaciones\\\/\",\"name\":\"Publicaciones - JVA Fiscalistas, S.C.\",\"isPartOf\":{\"@id\":\"https:\\\/\\\/jvafiscalistas.com\\\/#website\"},\"primaryImageOfPage\":{\"@id\":\"https:\\\/\\\/jvafiscalistas.com\\\/publicaciones\\\/#primaryimage\"},\"image\":{\"@id\":\"https:\\\/\\\/jvafiscalistas.com\\\/publicaciones\\\/#primaryimage\"},\"thumbnailUrl\":\"https:\\\/\\\/jvafiscalistas.com\\\/wp-content\\\/uploads\\\/2022\\\/11\\\/croissant-m3kOyzCIQvE-unsplash-scaled.webp\",\"datePublished\":\"2024-10-17T18:29:30+00:00\",\"dateModified\":\"2025-07-22T05:47:02+00:00\",\"breadcrumb\":{\"@id\":\"https:\\\/\\\/jvafiscalistas.com\\\/publicaciones\\\/#breadcrumb\"},\"inLanguage\":\"en-US\",\"potentialAction\":[{\"@type\":\"ReadAction\",\"target\":[\"https:\\\/\\\/jvafiscalistas.com\\\/publicaciones\\\/\"]}]},{\"@type\":\"ImageObject\",\"inLanguage\":\"en-US\",\"@id\":\"https:\\\/\\\/jvafiscalistas.com\\\/publicaciones\\\/#primaryimage\",\"url\":\"https:\\\/\\\/jvafiscalistas.com\\\/wp-content\\\/uploads\\\/2022\\\/11\\\/croissant-m3kOyzCIQvE-unsplash-scaled.webp\",\"contentUrl\":\"https:\\\/\\\/jvafiscalistas.com\\\/wp-content\\\/uploads\\\/2022\\\/11\\\/croissant-m3kOyzCIQvE-unsplash-scaled.webp\"},{\"@type\":\"BreadcrumbList\",\"@id\":\"https:\\\/\\\/jvafiscalistas.com\\\/publicaciones\\\/#breadcrumb\",\"itemListElement\":[{\"@type\":\"ListItem\",\"position\":1,\"name\":\"Home\",\"item\":\"https:\\\/\\\/jvafiscalistas.com\\\/\"},{\"@type\":\"ListItem\",\"position\":2,\"name\":\"Publicaciones\"}]},{\"@type\":\"WebSite\",\"@id\":\"https:\\\/\\\/jvafiscalistas.com\\\/#website\",\"url\":\"https:\\\/\\\/jvafiscalistas.com\\\/\",\"name\":\"JVA Fiscalistas, S.C.\",\"description\":\"Despacho especializado en consultor\u00eda de negocios y litigio fiscal\",\"publisher\":{\"@id\":\"https:\\\/\\\/jvafiscalistas.com\\\/#organization\"},\"potentialAction\":[{\"@type\":\"SearchAction\",\"target\":{\"@type\":\"EntryPoint\",\"urlTemplate\":\"https:\\\/\\\/jvafiscalistas.com\\\/?s={search_term_string}\"},\"query-input\":{\"@type\":\"PropertyValueSpecification\",\"valueRequired\":true,\"valueName\":\"search_term_string\"}}],\"inLanguage\":\"en-US\"},{\"@type\":\"Organization\",\"@id\":\"https:\\\/\\\/jvafiscalistas.com\\\/#organization\",\"name\":\"JVA Fiscalistas, S.C.\",\"url\":\"https:\\\/\\\/jvafiscalistas.com\\\/\",\"logo\":{\"@type\":\"ImageObject\",\"inLanguage\":\"en-US\",\"@id\":\"https:\\\/\\\/jvafiscalistas.com\\\/#\\\/schema\\\/logo\\\/image\\\/\",\"url\":\"https:\\\/\\\/jvafiscalistas.com\\\/wp-content\\\/uploads\\\/2022\\\/11\\\/cropped-LOGO-PNG-e1730273159535.png\",\"contentUrl\":\"https:\\\/\\\/jvafiscalistas.com\\\/wp-content\\\/uploads\\\/2022\\\/11\\\/cropped-LOGO-PNG-e1730273159535.png\",\"width\":100,\"height\":100,\"caption\":\"JVA Fiscalistas, S.C.\"},\"image\":{\"@id\":\"https:\\\/\\\/jvafiscalistas.com\\\/#\\\/schema\\\/logo\\\/image\\\/\"}}]}<\/script>\n<!-- \/ Yoast SEO plugin. -->","yoast_head_json":{"title":"Publicaciones - JVA Fiscalistas, S.C.","robots":{"index":"index","follow":"follow","max-snippet":"max-snippet:-1","max-image-preview":"max-image-preview:large","max-video-preview":"max-video-preview:-1"},"canonical":"https:\/\/jvafiscalistas.com\/en\/publicaciones\/","og_locale":"en_US","og_type":"article","og_title":"Publicaciones - JVA Fiscalistas, S.C.","og_url":"https:\/\/jvafiscalistas.com\/en\/publicaciones\/","og_site_name":"JVA Fiscalistas, S.C.","article_modified_time":"2025-07-22T05:47:02+00:00","og_image":[{"url":"https:\/\/jvafiscalistas.com\/wp-content\/uploads\/2022\/11\/croissant-m3kOyzCIQvE-unsplash-scaled.webp","type":"","width":"","height":""}],"twitter_card":"summary_large_image","twitter_misc":{"Est. reading time":"2 minutes"},"schema":{"@context":"https:\/\/schema.org","@graph":[{"@type":"WebPage","@id":"https:\/\/jvafiscalistas.com\/publicaciones\/","url":"https:\/\/jvafiscalistas.com\/publicaciones\/","name":"Publicaciones - JVA Fiscalistas, S.C.","isPartOf":{"@id":"https:\/\/jvafiscalistas.com\/#website"},"primaryImageOfPage":{"@id":"https:\/\/jvafiscalistas.com\/publicaciones\/#primaryimage"},"image":{"@id":"https:\/\/jvafiscalistas.com\/publicaciones\/#primaryimage"},"thumbnailUrl":"https:\/\/jvafiscalistas.com\/wp-content\/uploads\/2022\/11\/croissant-m3kOyzCIQvE-unsplash-scaled.webp","datePublished":"2024-10-17T18:29:30+00:00","dateModified":"2025-07-22T05:47:02+00:00","breadcrumb":{"@id":"https:\/\/jvafiscalistas.com\/publicaciones\/#breadcrumb"},"inLanguage":"en-US","potentialAction":[{"@type":"ReadAction","target":["https:\/\/jvafiscalistas.com\/publicaciones\/"]}]},{"@type":"ImageObject","inLanguage":"en-US","@id":"https:\/\/jvafiscalistas.com\/publicaciones\/#primaryimage","url":"https:\/\/jvafiscalistas.com\/wp-content\/uploads\/2022\/11\/croissant-m3kOyzCIQvE-unsplash-scaled.webp","contentUrl":"https:\/\/jvafiscalistas.com\/wp-content\/uploads\/2022\/11\/croissant-m3kOyzCIQvE-unsplash-scaled.webp"},{"@type":"BreadcrumbList","@id":"https:\/\/jvafiscalistas.com\/publicaciones\/#breadcrumb","itemListElement":[{"@type":"ListItem","position":1,"name":"Home","item":"https:\/\/jvafiscalistas.com\/"},{"@type":"ListItem","position":2,"name":"Publicaciones"}]},{"@type":"WebSite","@id":"https:\/\/jvafiscalistas.com\/#website","url":"https:\/\/jvafiscalistas.com\/","name":"JVA Fiscalistas, S.C.","description":"Despacho especializado en consultor\u00eda de negocios y litigio fiscal","publisher":{"@id":"https:\/\/jvafiscalistas.com\/#organization"},"potentialAction":[{"@type":"SearchAction","target":{"@type":"EntryPoint","urlTemplate":"https:\/\/jvafiscalistas.com\/?s={search_term_string}"},"query-input":{"@type":"PropertyValueSpecification","valueRequired":true,"valueName":"search_term_string"}}],"inLanguage":"en-US"},{"@type":"Organization","@id":"https:\/\/jvafiscalistas.com\/#organization","name":"JVA Fiscalistas, S.C.","url":"https:\/\/jvafiscalistas.com\/","logo":{"@type":"ImageObject","inLanguage":"en-US","@id":"https:\/\/jvafiscalistas.com\/#\/schema\/logo\/image\/","url":"https:\/\/jvafiscalistas.com\/wp-content\/uploads\/2022\/11\/cropped-LOGO-PNG-e1730273159535.png","contentUrl":"https:\/\/jvafiscalistas.com\/wp-content\/uploads\/2022\/11\/cropped-LOGO-PNG-e1730273159535.png","width":100,"height":100,"caption":"JVA Fiscalistas, S.C."},"image":{"@id":"https:\/\/jvafiscalistas.com\/#\/schema\/logo\/image\/"}}]}},"jetpack-related-posts":[{"id":892,"url":"https:\/\/jvafiscalistas.com\/en\/archivo-de-publicaciones\/","url_meta":{"origin":520,"position":0},"title":"Archivo de publicaciones","author":"josuevargas7","date":"July 22, 2025","format":false,"excerpt":"Archivo de publicaciones BJF-Mayo 2025 BJF-Octubre 2024","rel":"","context":"Similar post","block_context":{"text":"Similar post","link":""},"img":{"alt_text":"","src":"https:\/\/i0.wp.com\/jvafiscalistas.com\/wp-content\/uploads\/2024\/10\/clarisse-meyer-jKU2NneZAbI-unsplash-1024x683.jpg?resize=350%2C200&ssl=1","width":350,"height":200,"srcset":"https:\/\/i0.wp.com\/jvafiscalistas.com\/wp-content\/uploads\/2024\/10\/clarisse-meyer-jKU2NneZAbI-unsplash-1024x683.jpg?resize=350%2C200&ssl=1 1x, https:\/\/i0.wp.com\/jvafiscalistas.com\/wp-content\/uploads\/2024\/10\/clarisse-meyer-jKU2NneZAbI-unsplash-1024x683.jpg?resize=525%2C300&ssl=1 1.5x, https:\/\/i0.wp.com\/jvafiscalistas.com\/wp-content\/uploads\/2024\/10\/clarisse-meyer-jKU2NneZAbI-unsplash-1024x683.jpg?resize=700%2C400&ssl=1 2x"},"classes":[]},{"id":50,"url":"https:\/\/jvafiscalistas.com\/en\/derecho-administrativo\/","url_meta":{"origin":520,"position":1},"title":"Derecho Administrativo","author":"josuevargas7","date":"November 11, 2022","format":false,"excerpt":"Derecho Administrativo Asesor\u00eda y litigio administrativo Defensa legal en contra de sanciones impuestas por \u00f3rganos de la administraci\u00f3n p\u00fablica federal, estatal o municipal; Defensa legal ante la imposici\u00f3n de responsabilidades de servidores p\u00fablicos; Asesor\u00eda en la participaci\u00f3n de licitaciones p\u00fablicas; Interpretaci\u00f3n, atenci\u00f3n y defensa jur\u00eddica ante contratos de obras p\u00fablicas,\u2026","rel":"","context":"Similar post","block_context":{"text":"Similar post","link":""},"img":{"alt_text":"","src":"https:\/\/i0.wp.com\/jvafiscalistas.com\/wp-content\/uploads\/2022\/11\/john-calma-fB23CCv6sZY-unsplash-1024x768.webp?resize=350%2C200&ssl=1","width":350,"height":200,"srcset":"https:\/\/i0.wp.com\/jvafiscalistas.com\/wp-content\/uploads\/2022\/11\/john-calma-fB23CCv6sZY-unsplash-1024x768.webp?resize=350%2C200&ssl=1 1x, https:\/\/i0.wp.com\/jvafiscalistas.com\/wp-content\/uploads\/2022\/11\/john-calma-fB23CCv6sZY-unsplash-1024x768.webp?resize=525%2C300&ssl=1 1.5x, https:\/\/i0.wp.com\/jvafiscalistas.com\/wp-content\/uploads\/2022\/11\/john-calma-fB23CCv6sZY-unsplash-1024x768.webp?resize=700%2C400&ssl=1 2x"},"classes":[]},{"id":41,"url":"https:\/\/jvafiscalistas.com\/en\/nosotros\/","url_meta":{"origin":520,"position":2},"title":"Nosotros","author":"josuevargas7","date":"November 10, 2022","format":false,"excerpt":"Nuestro equipo Nuestros socios Dr. M. Josu\u00e9 Vargas Estrada Socio Director Doctorados: Doctor en Derecho, Universidad Carlos III de Madrid, Espa\u00f1a; Doctorando en Derecho, UPAEP, Puebla; Doctorando en Ciencias de lo Fiscal, IEE, CDMX; Maestr\u00edas: M\u00e1ster en Derecho, Universidad Carlos III de Madrid, Espa\u00f1a; Maestro en Derecho Fiscal, IEE, Monterrey;\u2026","rel":"","context":"Similar post","block_context":{"text":"Similar post","link":""},"img":{"alt_text":"","src":"https:\/\/i0.wp.com\/jvafiscalistas.com\/wp-content\/uploads\/2022\/11\/raj-rana-zCQsBI7ZltQ-unsplash-1024x683.webp?resize=350%2C200&ssl=1","width":350,"height":200,"srcset":"https:\/\/i0.wp.com\/jvafiscalistas.com\/wp-content\/uploads\/2022\/11\/raj-rana-zCQsBI7ZltQ-unsplash-1024x683.webp?resize=350%2C200&ssl=1 1x, https:\/\/i0.wp.com\/jvafiscalistas.com\/wp-content\/uploads\/2022\/11\/raj-rana-zCQsBI7ZltQ-unsplash-1024x683.webp?resize=525%2C300&ssl=1 1.5x, https:\/\/i0.wp.com\/jvafiscalistas.com\/wp-content\/uploads\/2022\/11\/raj-rana-zCQsBI7ZltQ-unsplash-1024x683.webp?resize=700%2C400&ssl=1 2x"},"classes":[]},{"id":207,"url":"https:\/\/jvafiscalistas.com\/en\/propiedad-intelectual\/","url_meta":{"origin":520,"position":3},"title":"Propiedad intelectual","author":"josuevargas7","date":"November 11, 2022","format":false,"excerpt":"Propiedad intelectual Te ayudamos a proteger tu propiedad intelectual Asesor\u00eda y tramitaci\u00f3n del registro de marcas, nombres comerciales, avisos comerciales, modelos de utilidad, dise\u00f1os industriales, invenciones patentables, denominaciones de origen e indicaciones geogr\u00e1ficas ante el IMPI; Defensa legal ante actos administrativos y contra particulares ante violaciones de propiedad intelectual; Asesor\u00eda\u2026","rel":"","context":"Similar post","block_context":{"text":"Similar post","link":""},"img":{"alt_text":"","src":"https:\/\/i0.wp.com\/jvafiscalistas.com\/wp-content\/uploads\/2025\/06\/nick-morrison-FHnnjk1Yj7Y-unsplash-1024x768.jpg?resize=350%2C200&ssl=1","width":350,"height":200,"srcset":"https:\/\/i0.wp.com\/jvafiscalistas.com\/wp-content\/uploads\/2025\/06\/nick-morrison-FHnnjk1Yj7Y-unsplash-1024x768.jpg?resize=350%2C200&ssl=1 1x, https:\/\/i0.wp.com\/jvafiscalistas.com\/wp-content\/uploads\/2025\/06\/nick-morrison-FHnnjk1Yj7Y-unsplash-1024x768.jpg?resize=525%2C300&ssl=1 1.5x, https:\/\/i0.wp.com\/jvafiscalistas.com\/wp-content\/uploads\/2025\/06\/nick-morrison-FHnnjk1Yj7Y-unsplash-1024x768.jpg?resize=700%2C400&ssl=1 2x"},"classes":[]},{"id":2,"url":"https:\/\/jvafiscalistas.com\/en\/sample-page\/","url_meta":{"origin":520,"position":4},"title":"Sample Page","author":"josuevargas7","date":"November 10, 2022","format":false,"excerpt":"This is an example page. It's different from a blog post because it will stay in one place and will show up in your site navigation (in most themes). Most people start with an About page that introduces them to potential site visitors. It might say something like this: Hi\u2026","rel":"","context":"Similar post","block_context":{"text":"Similar post","link":""},"img":{"alt_text":"","src":"","width":0,"height":0},"classes":[]}],"jetpack_sharing_enabled":true,"_links":{"self":[{"href":"https:\/\/jvafiscalistas.com\/en\/wp-json\/wp\/v2\/pages\/520","targetHints":{"allow":["GET"]}}],"collection":[{"href":"https:\/\/jvafiscalistas.com\/en\/wp-json\/wp\/v2\/pages"}],"about":[{"href":"https:\/\/jvafiscalistas.com\/en\/wp-json\/wp\/v2\/types\/page"}],"author":[{"embeddable":true,"href":"https:\/\/jvafiscalistas.com\/en\/wp-json\/wp\/v2\/users\/1"}],"replies":[{"embeddable":true,"href":"https:\/\/jvafiscalistas.com\/en\/wp-json\/wp\/v2\/comments?post=520"}],"version-history":[{"count":5,"href":"https:\/\/jvafiscalistas.com\/en\/wp-json\/wp\/v2\/pages\/520\/revisions"}],"predecessor-version":[{"id":902,"href":"https:\/\/jvafiscalistas.com\/en\/wp-json\/wp\/v2\/pages\/520\/revisions\/902"}],"wp:attachment":[{"href":"https:\/\/jvafiscalistas.com\/en\/wp-json\/wp\/v2\/media?parent=520"}],"curies":[{"name":"wp","href":"https:\/\/api.w.org\/{rel}","templated":true}]}}