{"id":50,"date":"2022-11-11T04:58:29","date_gmt":"2022-11-11T04:58:29","guid":{"rendered":"https:\/\/jvafiscalistas.com\/?page_id=50"},"modified":"2026-02-04T04:04:35","modified_gmt":"2026-02-04T04:04:35","slug":"derecho-administrativo","status":"publish","type":"page","link":"https:\/\/jvafiscalistas.com\/en\/derecho-administrativo\/","title":{"rendered":"Derecho Administrativo"},"content":{"rendered":"<div class=\"wp-block-columns is-layout-flex wp-container-core-columns-is-layout-9d6595d7 wp-block-columns-is-layout-flex\">\n<div class=\"wp-block-column is-layout-flow wp-block-column-is-layout-flow\">\n<div class=\"wp-block-cover is-light\"><img data-recalc-dims=\"1\" loading=\"lazy\" decoding=\"async\" width=\"640\" height=\"480\" class=\"wp-block-cover__image-background wp-image-140\" alt=\"\" src=\"https:\/\/i0.wp.com\/jvafiscalistas.com\/wp-content\/uploads\/2022\/11\/john-calma-fB23CCv6sZY-unsplash-1024x768.webp?resize=640%2C480&#038;ssl=1\" data-object-fit=\"cover\" srcset=\"https:\/\/i0.wp.com\/jvafiscalistas.com\/wp-content\/uploads\/2022\/11\/john-calma-fB23CCv6sZY-unsplash-scaled.webp?resize=1024%2C768&amp;ssl=1 1024w, https:\/\/i0.wp.com\/jvafiscalistas.com\/wp-content\/uploads\/2022\/11\/john-calma-fB23CCv6sZY-unsplash-scaled.webp?resize=300%2C225&amp;ssl=1 300w, https:\/\/i0.wp.com\/jvafiscalistas.com\/wp-content\/uploads\/2022\/11\/john-calma-fB23CCv6sZY-unsplash-scaled.webp?resize=768%2C576&amp;ssl=1 768w, https:\/\/i0.wp.com\/jvafiscalistas.com\/wp-content\/uploads\/2022\/11\/john-calma-fB23CCv6sZY-unsplash-scaled.webp?resize=1536%2C1152&amp;ssl=1 1536w, https:\/\/i0.wp.com\/jvafiscalistas.com\/wp-content\/uploads\/2022\/11\/john-calma-fB23CCv6sZY-unsplash-scaled.webp?resize=2048%2C1536&amp;ssl=1 2048w, https:\/\/i0.wp.com\/jvafiscalistas.com\/wp-content\/uploads\/2022\/11\/john-calma-fB23CCv6sZY-unsplash-scaled.webp?resize=16%2C12&amp;ssl=1 16w, https:\/\/i0.wp.com\/jvafiscalistas.com\/wp-content\/uploads\/2022\/11\/john-calma-fB23CCv6sZY-unsplash-scaled.webp?resize=600%2C450&amp;ssl=1 600w, https:\/\/i0.wp.com\/jvafiscalistas.com\/wp-content\/uploads\/2022\/11\/john-calma-fB23CCv6sZY-unsplash-scaled.webp?w=1280&amp;ssl=1 1280w, https:\/\/i0.wp.com\/jvafiscalistas.com\/wp-content\/uploads\/2022\/11\/john-calma-fB23CCv6sZY-unsplash-scaled.webp?w=1920&amp;ssl=1 1920w\" sizes=\"auto, (max-width: 640px) 100vw, 640px\" \/><span aria-hidden=\"true\" class=\"wp-block-cover__background has-background-dim-30 has-background-dim\"><\/span><div class=\"wp-block-cover__inner-container is-layout-flow wp-block-cover-is-layout-flow\">\n<p class=\"has-text-align-center has-white-color has-text-color has-large-font-size\">Derecho Administrativo<\/p>\n<\/div><\/div>\n<\/div>\n<\/div>\n\n\n\n<div style=\"height:100px\" aria-hidden=\"true\" class=\"wp-block-spacer\"><\/div>\n\n\n\n<div class=\"wp-block-columns has-white-background-color has-background is-layout-flex wp-container-core-columns-is-layout-9d6595d7 wp-block-columns-is-layout-flex\">\n<div class=\"wp-block-column is-layout-flow wp-block-column-is-layout-flow\" style=\"flex-basis:33.33%\">\n<div class=\"wp-block-cover\"><img data-recalc-dims=\"1\" loading=\"lazy\" decoding=\"async\" width=\"640\" height=\"960\" class=\"wp-block-cover__image-background wp-image-664 size-large\" alt=\"\" src=\"https:\/\/i0.wp.com\/jvafiscalistas.com\/wp-content\/uploads\/2024\/10\/markus-spiske-BT2KEMbGH34-unsplash.jpg?resize=640%2C960&#038;ssl=1\" data-object-fit=\"cover\" srcset=\"https:\/\/i0.wp.com\/jvafiscalistas.com\/wp-content\/uploads\/2024\/10\/markus-spiske-BT2KEMbGH34-unsplash-scaled.jpg?resize=683%2C1024&amp;ssl=1 683w, https:\/\/i0.wp.com\/jvafiscalistas.com\/wp-content\/uploads\/2024\/10\/markus-spiske-BT2KEMbGH34-unsplash-scaled.jpg?resize=200%2C300&amp;ssl=1 200w, https:\/\/i0.wp.com\/jvafiscalistas.com\/wp-content\/uploads\/2024\/10\/markus-spiske-BT2KEMbGH34-unsplash-scaled.jpg?resize=768%2C1152&amp;ssl=1 768w, https:\/\/i0.wp.com\/jvafiscalistas.com\/wp-content\/uploads\/2024\/10\/markus-spiske-BT2KEMbGH34-unsplash-scaled.jpg?resize=1024%2C1536&amp;ssl=1 1024w, https:\/\/i0.wp.com\/jvafiscalistas.com\/wp-content\/uploads\/2024\/10\/markus-spiske-BT2KEMbGH34-unsplash-scaled.jpg?resize=1365%2C2048&amp;ssl=1 1365w, https:\/\/i0.wp.com\/jvafiscalistas.com\/wp-content\/uploads\/2024\/10\/markus-spiske-BT2KEMbGH34-unsplash-scaled.jpg?resize=8%2C12&amp;ssl=1 8w, https:\/\/i0.wp.com\/jvafiscalistas.com\/wp-content\/uploads\/2024\/10\/markus-spiske-BT2KEMbGH34-unsplash-scaled.jpg?resize=373%2C560&amp;ssl=1 373w, https:\/\/i0.wp.com\/jvafiscalistas.com\/wp-content\/uploads\/2024\/10\/markus-spiske-BT2KEMbGH34-unsplash-scaled.jpg?w=1706&amp;ssl=1 1706w, https:\/\/i0.wp.com\/jvafiscalistas.com\/wp-content\/uploads\/2024\/10\/markus-spiske-BT2KEMbGH34-unsplash-scaled.jpg?w=1280&amp;ssl=1 1280w\" sizes=\"auto, (max-width: 640px) 100vw, 640px\" \/><span aria-hidden=\"true\" class=\"wp-block-cover__background has-black-background-color has-background-dim-30 has-background-dim\"><\/span><div class=\"wp-block-cover__inner-container is-layout-flow wp-block-cover-is-layout-flow\">\n<p class=\"has-text-align-center has-white-color has-text-color has-large-font-size\">Asesor\u00eda y litigio administrativo<\/p>\n<\/div><\/div>\n<\/div>\n\n\n\n<div class=\"wp-block-column has-black-color has-white-background-color has-text-color has-background has-link-color wp-elements-77ebdde3159f59f1bd39746556117728 is-layout-flow wp-block-column-is-layout-flow\" style=\"flex-basis:66.66%\">\n<ul class=\"wp-block-list\">\n<li>Defensa legal en contra de sanciones impuestas por \u00f3rganos de la administraci\u00f3n p\u00fablica federal, estatal o municipal;<\/li>\n\n\n\n<li>Defensa legal ante la imposici\u00f3n de responsabilidades de servidores p\u00fablicos;<\/li>\n\n\n\n<li>Asesor\u00eda en la participaci\u00f3n de licitaciones p\u00fablicas;<\/li>\n\n\n\n<li>Interpretaci\u00f3n, atenci\u00f3n y defensa jur\u00eddica ante contratos de obras p\u00fablicas, adquisiciones, arrendamientos y servicios celebrados con dependencias de gobierno;<\/li>\n\n\n\n<li>Defensa legal motivada por contratos con gobierno;<\/li>\n\n\n\n<li>Defensa legal en contra de clausuras impuestas a establecimientos mercantiles por autoridades locales o federales.<\/li>\n<\/ul>\n<\/div>\n<\/div>","protected":false},"excerpt":{"rendered":"","protected":false},"author":1,"featured_media":0,"parent":0,"menu_order":0,"comment_status":"closed","ping_status":"closed","template":"","meta":{"footnotes":""},"class_list":["post-50","page","type-page","status-publish","hentry"],"featured_image_url":[],"post_author":"Marcos Josu\u00e9 Vargas Estrada","assigned_categories":"","yoast_head":"<!-- This site is optimized with the Yoast SEO plugin v27.4 - https:\/\/yoast.com\/product\/yoast-seo-wordpress\/ -->\n<title>Derecho Administrativo - JVA Fiscalistas, S.C.<\/title>\n<meta name=\"robots\" content=\"index, follow, max-snippet:-1, max-image-preview:large, max-video-preview:-1\" \/>\n<link rel=\"canonical\" href=\"https:\/\/jvafiscalistas.com\/en\/derecho-administrativo\/\" \/>\n<meta property=\"og:locale\" content=\"en_US\" \/>\n<meta property=\"og:type\" content=\"article\" \/>\n<meta property=\"og:title\" content=\"Derecho Administrativo - JVA Fiscalistas, S.C.\" \/>\n<meta property=\"og:url\" content=\"https:\/\/jvafiscalistas.com\/en\/derecho-administrativo\/\" \/>\n<meta property=\"og:site_name\" content=\"JVA Fiscalistas, S.C.\" \/>\n<meta property=\"article:modified_time\" content=\"2026-02-04T04:04:35+00:00\" \/>\n<meta property=\"og:image\" content=\"https:\/\/jvafiscalistas.com\/wp-content\/uploads\/2022\/11\/john-calma-fB23CCv6sZY-unsplash-1024x768.webp\" \/>\n<meta name=\"twitter:card\" content=\"summary_large_image\" \/>\n<meta name=\"twitter:label1\" content=\"Est. reading time\" \/>\n\t<meta name=\"twitter:data1\" content=\"1 minute\" \/>\n<script type=\"application\/ld+json\" class=\"yoast-schema-graph\">{\"@context\":\"https:\\\/\\\/schema.org\",\"@graph\":[{\"@type\":\"WebPage\",\"@id\":\"https:\\\/\\\/jvafiscalistas.com\\\/derecho-administrativo\\\/\",\"url\":\"https:\\\/\\\/jvafiscalistas.com\\\/derecho-administrativo\\\/\",\"name\":\"Derecho Administrativo - JVA Fiscalistas, S.C.\",\"isPartOf\":{\"@id\":\"https:\\\/\\\/jvafiscalistas.com\\\/#website\"},\"primaryImageOfPage\":{\"@id\":\"https:\\\/\\\/jvafiscalistas.com\\\/derecho-administrativo\\\/#primaryimage\"},\"image\":{\"@id\":\"https:\\\/\\\/jvafiscalistas.com\\\/derecho-administrativo\\\/#primaryimage\"},\"thumbnailUrl\":\"https:\\\/\\\/jvafiscalistas.com\\\/wp-content\\\/uploads\\\/2022\\\/11\\\/john-calma-fB23CCv6sZY-unsplash-1024x768.webp\",\"datePublished\":\"2022-11-11T04:58:29+00:00\",\"dateModified\":\"2026-02-04T04:04:35+00:00\",\"breadcrumb\":{\"@id\":\"https:\\\/\\\/jvafiscalistas.com\\\/derecho-administrativo\\\/#breadcrumb\"},\"inLanguage\":\"en-US\",\"potentialAction\":[{\"@type\":\"ReadAction\",\"target\":[\"https:\\\/\\\/jvafiscalistas.com\\\/derecho-administrativo\\\/\"]}]},{\"@type\":\"ImageObject\",\"inLanguage\":\"en-US\",\"@id\":\"https:\\\/\\\/jvafiscalistas.com\\\/derecho-administrativo\\\/#primaryimage\",\"url\":\"https:\\\/\\\/jvafiscalistas.com\\\/wp-content\\\/uploads\\\/2022\\\/11\\\/john-calma-fB23CCv6sZY-unsplash-1024x768.webp\",\"contentUrl\":\"https:\\\/\\\/jvafiscalistas.com\\\/wp-content\\\/uploads\\\/2022\\\/11\\\/john-calma-fB23CCv6sZY-unsplash-1024x768.webp\"},{\"@type\":\"BreadcrumbList\",\"@id\":\"https:\\\/\\\/jvafiscalistas.com\\\/derecho-administrativo\\\/#breadcrumb\",\"itemListElement\":[{\"@type\":\"ListItem\",\"position\":1,\"name\":\"Home\",\"item\":\"https:\\\/\\\/jvafiscalistas.com\\\/\"},{\"@type\":\"ListItem\",\"position\":2,\"name\":\"Derecho Administrativo\"}]},{\"@type\":\"WebSite\",\"@id\":\"https:\\\/\\\/jvafiscalistas.com\\\/#website\",\"url\":\"https:\\\/\\\/jvafiscalistas.com\\\/\",\"name\":\"JVA Fiscalistas, S.C.\",\"description\":\"Despacho especializado en consultor\u00eda de negocios y litigio fiscal\",\"publisher\":{\"@id\":\"https:\\\/\\\/jvafiscalistas.com\\\/#organization\"},\"potentialAction\":[{\"@type\":\"SearchAction\",\"target\":{\"@type\":\"EntryPoint\",\"urlTemplate\":\"https:\\\/\\\/jvafiscalistas.com\\\/?s={search_term_string}\"},\"query-input\":{\"@type\":\"PropertyValueSpecification\",\"valueRequired\":true,\"valueName\":\"search_term_string\"}}],\"inLanguage\":\"en-US\"},{\"@type\":\"Organization\",\"@id\":\"https:\\\/\\\/jvafiscalistas.com\\\/#organization\",\"name\":\"JVA Fiscalistas, S.C.\",\"url\":\"https:\\\/\\\/jvafiscalistas.com\\\/\",\"logo\":{\"@type\":\"ImageObject\",\"inLanguage\":\"en-US\",\"@id\":\"https:\\\/\\\/jvafiscalistas.com\\\/#\\\/schema\\\/logo\\\/image\\\/\",\"url\":\"https:\\\/\\\/jvafiscalistas.com\\\/wp-content\\\/uploads\\\/2022\\\/11\\\/cropped-LOGO-PNG-e1730273159535.png\",\"contentUrl\":\"https:\\\/\\\/jvafiscalistas.com\\\/wp-content\\\/uploads\\\/2022\\\/11\\\/cropped-LOGO-PNG-e1730273159535.png\",\"width\":100,\"height\":100,\"caption\":\"JVA Fiscalistas, S.C.\"},\"image\":{\"@id\":\"https:\\\/\\\/jvafiscalistas.com\\\/#\\\/schema\\\/logo\\\/image\\\/\"}}]}<\/script>\n<!-- \/ Yoast SEO plugin. -->","yoast_head_json":{"title":"Derecho Administrativo - JVA Fiscalistas, S.C.","robots":{"index":"index","follow":"follow","max-snippet":"max-snippet:-1","max-image-preview":"max-image-preview:large","max-video-preview":"max-video-preview:-1"},"canonical":"https:\/\/jvafiscalistas.com\/en\/derecho-administrativo\/","og_locale":"en_US","og_type":"article","og_title":"Derecho Administrativo - JVA Fiscalistas, S.C.","og_url":"https:\/\/jvafiscalistas.com\/en\/derecho-administrativo\/","og_site_name":"JVA Fiscalistas, S.C.","article_modified_time":"2026-02-04T04:04:35+00:00","og_image":[{"url":"https:\/\/jvafiscalistas.com\/wp-content\/uploads\/2022\/11\/john-calma-fB23CCv6sZY-unsplash-1024x768.webp","type":"","width":"","height":""}],"twitter_card":"summary_large_image","twitter_misc":{"Est. reading time":"1 minute"},"schema":{"@context":"https:\/\/schema.org","@graph":[{"@type":"WebPage","@id":"https:\/\/jvafiscalistas.com\/derecho-administrativo\/","url":"https:\/\/jvafiscalistas.com\/derecho-administrativo\/","name":"Derecho Administrativo - JVA Fiscalistas, S.C.","isPartOf":{"@id":"https:\/\/jvafiscalistas.com\/#website"},"primaryImageOfPage":{"@id":"https:\/\/jvafiscalistas.com\/derecho-administrativo\/#primaryimage"},"image":{"@id":"https:\/\/jvafiscalistas.com\/derecho-administrativo\/#primaryimage"},"thumbnailUrl":"https:\/\/jvafiscalistas.com\/wp-content\/uploads\/2022\/11\/john-calma-fB23CCv6sZY-unsplash-1024x768.webp","datePublished":"2022-11-11T04:58:29+00:00","dateModified":"2026-02-04T04:04:35+00:00","breadcrumb":{"@id":"https:\/\/jvafiscalistas.com\/derecho-administrativo\/#breadcrumb"},"inLanguage":"en-US","potentialAction":[{"@type":"ReadAction","target":["https:\/\/jvafiscalistas.com\/derecho-administrativo\/"]}]},{"@type":"ImageObject","inLanguage":"en-US","@id":"https:\/\/jvafiscalistas.com\/derecho-administrativo\/#primaryimage","url":"https:\/\/jvafiscalistas.com\/wp-content\/uploads\/2022\/11\/john-calma-fB23CCv6sZY-unsplash-1024x768.webp","contentUrl":"https:\/\/jvafiscalistas.com\/wp-content\/uploads\/2022\/11\/john-calma-fB23CCv6sZY-unsplash-1024x768.webp"},{"@type":"BreadcrumbList","@id":"https:\/\/jvafiscalistas.com\/derecho-administrativo\/#breadcrumb","itemListElement":[{"@type":"ListItem","position":1,"name":"Home","item":"https:\/\/jvafiscalistas.com\/"},{"@type":"ListItem","position":2,"name":"Derecho Administrativo"}]},{"@type":"WebSite","@id":"https:\/\/jvafiscalistas.com\/#website","url":"https:\/\/jvafiscalistas.com\/","name":"JVA Fiscalistas, S.C.","description":"Despacho especializado en consultor\u00eda de negocios y litigio fiscal","publisher":{"@id":"https:\/\/jvafiscalistas.com\/#organization"},"potentialAction":[{"@type":"SearchAction","target":{"@type":"EntryPoint","urlTemplate":"https:\/\/jvafiscalistas.com\/?s={search_term_string}"},"query-input":{"@type":"PropertyValueSpecification","valueRequired":true,"valueName":"search_term_string"}}],"inLanguage":"en-US"},{"@type":"Organization","@id":"https:\/\/jvafiscalistas.com\/#organization","name":"JVA Fiscalistas, S.C.","url":"https:\/\/jvafiscalistas.com\/","logo":{"@type":"ImageObject","inLanguage":"en-US","@id":"https:\/\/jvafiscalistas.com\/#\/schema\/logo\/image\/","url":"https:\/\/jvafiscalistas.com\/wp-content\/uploads\/2022\/11\/cropped-LOGO-PNG-e1730273159535.png","contentUrl":"https:\/\/jvafiscalistas.com\/wp-content\/uploads\/2022\/11\/cropped-LOGO-PNG-e1730273159535.png","width":100,"height":100,"caption":"JVA Fiscalistas, S.C."},"image":{"@id":"https:\/\/jvafiscalistas.com\/#\/schema\/logo\/image\/"}}]}},"jetpack-related-posts":[{"id":45,"url":"https:\/\/jvafiscalistas.com\/en\/derecho-fiscal\/","url_meta":{"origin":50,"position":0},"title":"Derecho Fiscal","author":"josuevargas7","date":"November 10, 2022","format":false,"excerpt":"Litigio fiscal Defensa jur\u00eddica ante autoridades fiscales Estudio e implementaci\u00f3n de litigios estrat\u00e9gicos en materia fiscal; Asesor\u00eda ante el inicio de las facultades de comprobaci\u00f3n por parte de las autoridades fiscales (visitas domiciliarias, revisiones secuenciales o auditor\u00edas electr\u00f3nicas); Preparaci\u00f3n de pruebas y desahogo de instancias procesales especificas; Preparaci\u00f3n de contestaciones\u2026","rel":"","context":"Similar post","block_context":{"text":"Similar post","link":""},"img":{"alt_text":"","src":"https:\/\/i0.wp.com\/jvafiscalistas.com\/wp-content\/uploads\/2022\/11\/copernico-cLmOptqvuFQ-unsplash-scaled.webp?resize=350%2C200&ssl=1","width":350,"height":200,"srcset":"https:\/\/i0.wp.com\/jvafiscalistas.com\/wp-content\/uploads\/2022\/11\/copernico-cLmOptqvuFQ-unsplash-scaled.webp?resize=350%2C200&ssl=1 1x, https:\/\/i0.wp.com\/jvafiscalistas.com\/wp-content\/uploads\/2022\/11\/copernico-cLmOptqvuFQ-unsplash-scaled.webp?resize=525%2C300&ssl=1 1.5x, https:\/\/i0.wp.com\/jvafiscalistas.com\/wp-content\/uploads\/2022\/11\/copernico-cLmOptqvuFQ-unsplash-scaled.webp?resize=700%2C400&ssl=1 2x, https:\/\/i0.wp.com\/jvafiscalistas.com\/wp-content\/uploads\/2022\/11\/copernico-cLmOptqvuFQ-unsplash-scaled.webp?resize=1050%2C600&ssl=1 3x, https:\/\/i0.wp.com\/jvafiscalistas.com\/wp-content\/uploads\/2022\/11\/copernico-cLmOptqvuFQ-unsplash-scaled.webp?resize=1400%2C800&ssl=1 4x"},"classes":[]},{"id":43,"url":"https:\/\/jvafiscalistas.com\/en\/soluciones\/","url_meta":{"origin":50,"position":1},"title":"Soluciones","author":"josuevargas7","date":"November 10, 2022","format":false,"excerpt":"Soluciones legales y empresariales Derecho fiscal Derecho administrativo Derecho corporativo Propiedad intelectual Contabilidad e impuestos Finanzas corporativas Formaci\u00f3n en Derechos Humanos y Derecho Fiscal para el Desarrollo Empresarial | JVA Instituto","rel":"","context":"Similar post","block_context":{"text":"Similar post","link":""},"img":{"alt_text":"","src":"https:\/\/i0.wp.com\/jvafiscalistas.com\/wp-content\/uploads\/2022\/11\/ant-rozetsky-HXOllTSwrpM-unsplash-1024x576.webp?resize=350%2C200&ssl=1","width":350,"height":200,"srcset":"https:\/\/i0.wp.com\/jvafiscalistas.com\/wp-content\/uploads\/2022\/11\/ant-rozetsky-HXOllTSwrpM-unsplash-1024x576.webp?resize=350%2C200&ssl=1 1x, https:\/\/i0.wp.com\/jvafiscalistas.com\/wp-content\/uploads\/2022\/11\/ant-rozetsky-HXOllTSwrpM-unsplash-1024x576.webp?resize=525%2C300&ssl=1 1.5x, https:\/\/i0.wp.com\/jvafiscalistas.com\/wp-content\/uploads\/2022\/11\/ant-rozetsky-HXOllTSwrpM-unsplash-1024x576.webp?resize=700%2C400&ssl=1 2x"},"classes":[]},{"id":207,"url":"https:\/\/jvafiscalistas.com\/en\/propiedad-intelectual\/","url_meta":{"origin":50,"position":2},"title":"Propiedad intelectual","author":"josuevargas7","date":"November 11, 2022","format":false,"excerpt":"Propiedad intelectual Te ayudamos a proteger tu propiedad intelectual Asesor\u00eda y tramitaci\u00f3n del registro de marcas, nombres comerciales, avisos comerciales, modelos de utilidad, dise\u00f1os industriales, invenciones patentables, denominaciones de origen e indicaciones geogr\u00e1ficas ante el IMPI; Defensa legal ante actos administrativos y contra particulares ante violaciones de propiedad intelectual; Asesor\u00eda\u2026","rel":"","context":"Similar post","block_context":{"text":"Similar post","link":""},"img":{"alt_text":"","src":"https:\/\/i0.wp.com\/jvafiscalistas.com\/wp-content\/uploads\/2025\/06\/nick-morrison-FHnnjk1Yj7Y-unsplash-1024x768.jpg?resize=350%2C200&ssl=1","width":350,"height":200,"srcset":"https:\/\/i0.wp.com\/jvafiscalistas.com\/wp-content\/uploads\/2025\/06\/nick-morrison-FHnnjk1Yj7Y-unsplash-1024x768.jpg?resize=350%2C200&ssl=1 1x, https:\/\/i0.wp.com\/jvafiscalistas.com\/wp-content\/uploads\/2025\/06\/nick-morrison-FHnnjk1Yj7Y-unsplash-1024x768.jpg?resize=525%2C300&ssl=1 1.5x, https:\/\/i0.wp.com\/jvafiscalistas.com\/wp-content\/uploads\/2025\/06\/nick-morrison-FHnnjk1Yj7Y-unsplash-1024x768.jpg?resize=700%2C400&ssl=1 2x"},"classes":[]},{"id":414,"url":"https:\/\/jvafiscalistas.com\/en\/jvainstituto\/","url_meta":{"origin":50,"position":3},"title":"Formaci\u00f3n en Derecho Fiscal | JVA Instituto","author":"josuevargas7","date":"July 3, 2024","format":false,"excerpt":"Instituto de Estudios en Filosof\u00eda Fiscal JVA, S.C. JVA Instituto Conoce la formaci\u00f3n en materia fiscal que JVA tiene para ti Pr\u00f3ximos cursos (on line, v\u00eda Zoom) Software necesario, descargable de manera gratuita aqu\u00ed. Introducci\u00f3n a la teor\u00eda jur\u00eddica de los derechos humanos I: fundamentos filos\u00f3ficos Duraci\u00f3n: 2:00 hr Material\u2026","rel":"","context":"Similar post","block_context":{"text":"Similar post","link":""},"img":{"alt_text":"","src":"https:\/\/i0.wp.com\/jvafiscalistas.com\/wp-content\/uploads\/2022\/11\/nastuh-abootalebi-JdcJn85xD2k-unsplash-1024x684.webp?resize=350%2C200&ssl=1","width":350,"height":200,"srcset":"https:\/\/i0.wp.com\/jvafiscalistas.com\/wp-content\/uploads\/2022\/11\/nastuh-abootalebi-JdcJn85xD2k-unsplash-1024x684.webp?resize=350%2C200&ssl=1 1x, https:\/\/i0.wp.com\/jvafiscalistas.com\/wp-content\/uploads\/2022\/11\/nastuh-abootalebi-JdcJn85xD2k-unsplash-1024x684.webp?resize=525%2C300&ssl=1 1.5x, https:\/\/i0.wp.com\/jvafiscalistas.com\/wp-content\/uploads\/2022\/11\/nastuh-abootalebi-JdcJn85xD2k-unsplash-1024x684.webp?resize=700%2C400&ssl=1 2x"},"classes":[]},{"id":41,"url":"https:\/\/jvafiscalistas.com\/en\/nosotros\/","url_meta":{"origin":50,"position":4},"title":"Nosotros","author":"josuevargas7","date":"November 10, 2022","format":false,"excerpt":"Nuestro equipo Nuestros socios Dr. M. Josu\u00e9 Vargas Estrada Socio Director Doctorados: Doctor en Derecho, Universidad Carlos III de Madrid, Espa\u00f1a; Doctorando en Derecho, UPAEP, Puebla; Doctorando en Ciencias de lo Fiscal, IEE, CDMX; Maestr\u00edas: M\u00e1ster en Derecho, Universidad Carlos III de Madrid, Espa\u00f1a; Maestro en Derecho Fiscal, IEE, Monterrey;\u2026","rel":"","context":"Similar post","block_context":{"text":"Similar post","link":""},"img":{"alt_text":"","src":"https:\/\/i0.wp.com\/jvafiscalistas.com\/wp-content\/uploads\/2022\/11\/raj-rana-zCQsBI7ZltQ-unsplash-1024x683.webp?resize=350%2C200&ssl=1","width":350,"height":200,"srcset":"https:\/\/i0.wp.com\/jvafiscalistas.com\/wp-content\/uploads\/2022\/11\/raj-rana-zCQsBI7ZltQ-unsplash-1024x683.webp?resize=350%2C200&ssl=1 1x, https:\/\/i0.wp.com\/jvafiscalistas.com\/wp-content\/uploads\/2022\/11\/raj-rana-zCQsBI7ZltQ-unsplash-1024x683.webp?resize=525%2C300&ssl=1 1.5x, https:\/\/i0.wp.com\/jvafiscalistas.com\/wp-content\/uploads\/2022\/11\/raj-rana-zCQsBI7ZltQ-unsplash-1024x683.webp?resize=700%2C400&ssl=1 2x"},"classes":[]},{"id":858,"url":"https:\/\/jvafiscalistas.com\/en\/videoteca-derechos-humanos\/","url_meta":{"origin":50,"position":5},"title":"Videoteca: Derechos Humanos","author":"josuevargas7","date":"June 20, 2025","format":false,"excerpt":"Videoteca: Derechos Humanos","rel":"","context":"Similar post","block_context":{"text":"Similar post","link":""},"img":{"alt_text":"","src":"https:\/\/i0.wp.com\/jvafiscalistas.com\/wp-content\/uploads\/2022\/11\/miftakhul-rizki-gUfC5L-ROPg-unsplash-1024x683.webp?resize=350%2C200&ssl=1","width":350,"height":200,"srcset":"https:\/\/i0.wp.com\/jvafiscalistas.com\/wp-content\/uploads\/2022\/11\/miftakhul-rizki-gUfC5L-ROPg-unsplash-1024x683.webp?resize=350%2C200&ssl=1 1x, https:\/\/i0.wp.com\/jvafiscalistas.com\/wp-content\/uploads\/2022\/11\/miftakhul-rizki-gUfC5L-ROPg-unsplash-1024x683.webp?resize=525%2C300&ssl=1 1.5x, https:\/\/i0.wp.com\/jvafiscalistas.com\/wp-content\/uploads\/2022\/11\/miftakhul-rizki-gUfC5L-ROPg-unsplash-1024x683.webp?resize=700%2C400&ssl=1 2x"},"classes":[]}],"jetpack_sharing_enabled":true,"_links":{"self":[{"href":"https:\/\/jvafiscalistas.com\/en\/wp-json\/wp\/v2\/pages\/50","targetHints":{"allow":["GET"]}}],"collection":[{"href":"https:\/\/jvafiscalistas.com\/en\/wp-json\/wp\/v2\/pages"}],"about":[{"href":"https:\/\/jvafiscalistas.com\/en\/wp-json\/wp\/v2\/types\/page"}],"author":[{"embeddable":true,"href":"https:\/\/jvafiscalistas.com\/en\/wp-json\/wp\/v2\/users\/1"}],"replies":[{"embeddable":true,"href":"https:\/\/jvafiscalistas.com\/en\/wp-json\/wp\/v2\/comments?post=50"}],"version-history":[{"count":5,"href":"https:\/\/jvafiscalistas.com\/en\/wp-json\/wp\/v2\/pages\/50\/revisions"}],"predecessor-version":[{"id":910,"href":"https:\/\/jvafiscalistas.com\/en\/wp-json\/wp\/v2\/pages\/50\/revisions\/910"}],"wp:attachment":[{"href":"https:\/\/jvafiscalistas.com\/en\/wp-json\/wp\/v2\/media?parent=50"}],"curies":[{"name":"wp","href":"https:\/\/api.w.org\/{rel}","templated":true}]}}