{"id":207,"date":"2022-11-11T08:43:33","date_gmt":"2022-11-11T08:43:33","guid":{"rendered":"https:\/\/jvafiscalistas.com\/?page_id=207"},"modified":"2025-06-24T03:56:39","modified_gmt":"2025-06-24T03:56:39","slug":"propiedad-intelectual","status":"publish","type":"page","link":"https:\/\/jvafiscalistas.com\/en\/propiedad-intelectual\/","title":{"rendered":"Propiedad intelectual"},"content":{"rendered":"<div class=\"wp-block-cover\"><img data-recalc-dims=\"1\" loading=\"lazy\" decoding=\"async\" width=\"640\" height=\"480\" class=\"wp-block-cover__image-background wp-image-878 size-large\" alt=\"\" src=\"https:\/\/i0.wp.com\/jvafiscalistas.com\/wp-content\/uploads\/2025\/06\/nick-morrison-FHnnjk1Yj7Y-unsplash.jpg?resize=640%2C480&#038;ssl=1\" style=\"object-position:79% 34%\" data-object-fit=\"cover\" data-object-position=\"79% 34%\" srcset=\"https:\/\/i0.wp.com\/jvafiscalistas.com\/wp-content\/uploads\/2025\/06\/nick-morrison-FHnnjk1Yj7Y-unsplash-scaled.jpg?resize=1024%2C768&amp;ssl=1 1024w, https:\/\/i0.wp.com\/jvafiscalistas.com\/wp-content\/uploads\/2025\/06\/nick-morrison-FHnnjk1Yj7Y-unsplash-scaled.jpg?resize=300%2C225&amp;ssl=1 300w, https:\/\/i0.wp.com\/jvafiscalistas.com\/wp-content\/uploads\/2025\/06\/nick-morrison-FHnnjk1Yj7Y-unsplash-scaled.jpg?resize=768%2C576&amp;ssl=1 768w, https:\/\/i0.wp.com\/jvafiscalistas.com\/wp-content\/uploads\/2025\/06\/nick-morrison-FHnnjk1Yj7Y-unsplash-scaled.jpg?resize=1536%2C1152&amp;ssl=1 1536w, https:\/\/i0.wp.com\/jvafiscalistas.com\/wp-content\/uploads\/2025\/06\/nick-morrison-FHnnjk1Yj7Y-unsplash-scaled.jpg?resize=2048%2C1536&amp;ssl=1 2048w, https:\/\/i0.wp.com\/jvafiscalistas.com\/wp-content\/uploads\/2025\/06\/nick-morrison-FHnnjk1Yj7Y-unsplash-scaled.jpg?resize=16%2C12&amp;ssl=1 16w, https:\/\/i0.wp.com\/jvafiscalistas.com\/wp-content\/uploads\/2025\/06\/nick-morrison-FHnnjk1Yj7Y-unsplash-scaled.jpg?resize=600%2C450&amp;ssl=1 600w, https:\/\/i0.wp.com\/jvafiscalistas.com\/wp-content\/uploads\/2025\/06\/nick-morrison-FHnnjk1Yj7Y-unsplash-scaled.jpg?w=1280&amp;ssl=1 1280w, https:\/\/i0.wp.com\/jvafiscalistas.com\/wp-content\/uploads\/2025\/06\/nick-morrison-FHnnjk1Yj7Y-unsplash-scaled.jpg?w=1920&amp;ssl=1 1920w\" sizes=\"auto, (max-width: 640px) 100vw, 640px\" \/><span aria-hidden=\"true\" class=\"wp-block-cover__background has-black-background-color has-background-dim-30 has-background-dim\"><\/span><div class=\"wp-block-cover__inner-container is-layout-flow wp-block-cover-is-layout-flow\">\n<p class=\"has-text-align-center has-large-font-size\">Propiedad intelectual<\/p>\n<\/div><\/div>\n\n\n\n<div style=\"height:100px\" aria-hidden=\"true\" class=\"wp-block-spacer\"><\/div>\n\n\n\n<div class=\"wp-block-columns is-layout-flex wp-container-core-columns-is-layout-9d6595d7 wp-block-columns-is-layout-flex\">\n<div class=\"wp-block-column is-layout-flow wp-block-column-is-layout-flow\" style=\"flex-basis:33.33%\">\n<div class=\"wp-block-cover\" style=\"min-height:633px;aspect-ratio:unset;\"><img data-recalc-dims=\"1\" loading=\"lazy\" decoding=\"async\" width=\"640\" height=\"958\" class=\"wp-block-cover__image-background wp-image-877 size-large\" alt=\"\" src=\"https:\/\/i0.wp.com\/jvafiscalistas.com\/wp-content\/uploads\/2025\/06\/laura-adai-s6U7Gq93UU8-unsplash.jpg?resize=640%2C958&#038;ssl=1\" style=\"object-position:95% 79%\" data-object-fit=\"cover\" data-object-position=\"95% 79%\" srcset=\"https:\/\/i0.wp.com\/jvafiscalistas.com\/wp-content\/uploads\/2025\/06\/laura-adai-s6U7Gq93UU8-unsplash-scaled.jpg?resize=684%2C1024&amp;ssl=1 684w, https:\/\/i0.wp.com\/jvafiscalistas.com\/wp-content\/uploads\/2025\/06\/laura-adai-s6U7Gq93UU8-unsplash-scaled.jpg?resize=200%2C300&amp;ssl=1 200w, https:\/\/i0.wp.com\/jvafiscalistas.com\/wp-content\/uploads\/2025\/06\/laura-adai-s6U7Gq93UU8-unsplash-scaled.jpg?resize=768%2C1150&amp;ssl=1 768w, https:\/\/i0.wp.com\/jvafiscalistas.com\/wp-content\/uploads\/2025\/06\/laura-adai-s6U7Gq93UU8-unsplash-scaled.jpg?resize=1025%2C1536&amp;ssl=1 1025w, https:\/\/i0.wp.com\/jvafiscalistas.com\/wp-content\/uploads\/2025\/06\/laura-adai-s6U7Gq93UU8-unsplash-scaled.jpg?resize=1367%2C2048&amp;ssl=1 1367w, https:\/\/i0.wp.com\/jvafiscalistas.com\/wp-content\/uploads\/2025\/06\/laura-adai-s6U7Gq93UU8-unsplash-scaled.jpg?resize=8%2C12&amp;ssl=1 8w, https:\/\/i0.wp.com\/jvafiscalistas.com\/wp-content\/uploads\/2025\/06\/laura-adai-s6U7Gq93UU8-unsplash-scaled.jpg?resize=600%2C899&amp;ssl=1 600w, https:\/\/i0.wp.com\/jvafiscalistas.com\/wp-content\/uploads\/2025\/06\/laura-adai-s6U7Gq93UU8-unsplash-scaled.jpg?w=1709&amp;ssl=1 1709w, https:\/\/i0.wp.com\/jvafiscalistas.com\/wp-content\/uploads\/2025\/06\/laura-adai-s6U7Gq93UU8-unsplash-scaled.jpg?w=1280&amp;ssl=1 1280w\" sizes=\"auto, (max-width: 640px) 100vw, 640px\" \/><span aria-hidden=\"true\" class=\"wp-block-cover__background has-black-background-color has-background-dim-30 has-background-dim\"><\/span><div class=\"wp-block-cover__inner-container is-layout-flow wp-block-cover-is-layout-flow\">\n<p class=\"has-text-align-center has-white-color has-text-color has-large-font-size\">Te ayudamos a proteger tu propiedad intelectual<\/p>\n<\/div><\/div>\n<\/div>\n\n\n\n<div class=\"wp-block-column is-layout-flow wp-block-column-is-layout-flow\" style=\"flex-basis:66.66%\">\n<ul class=\"wp-block-list has-black-color has-white-background-color has-text-color has-background has-link-color wp-elements-1c98466023a23ed7dfb85352cfa0aa8d\">\n<li>Asesor\u00eda y tramitaci\u00f3n del registro de marcas, nombres comerciales, avisos comerciales, modelos de utilidad, dise\u00f1os industriales, invenciones patentables, denominaciones de origen e indicaciones geogr\u00e1ficas ante el IMPI;<\/li>\n\n\n\n<li>Defensa legal ante actos administrativos y contra particulares ante violaciones de propiedad intelectual;<\/li>\n\n\n\n<li>Asesor\u00eda en el registro de obras ante el INDAUTOR (literarias, musical con o sin letra, dram\u00e1tica, danza, pict\u00f3rica o de dibujo, escult\u00f3rica y de car\u00e1cter pl\u00e1stico, caricatura e historieta, arquitect\u00f3nica, cinematogr\u00e1fica y dem\u00e1s obras audiovisuales, programas de radio y televisi\u00f3n, programas de c\u00f3mputo, fotogr\u00e1fica, arte aplicado, base de datos y registro de derechos conexos);<\/li>\n\n\n\n<li>Asesor\u00eda en el registro de poderes, contratos y anotaciones marginales ante el INDAUTOR;<\/li>\n\n\n\n<li>Asesor\u00eda en el procedimiento de avenencia ante el INDAUTOR;<\/li>\n\n\n\n<li>Elaboraci\u00f3n e interposici\u00f3n del recurso de administrativo de revisi\u00f3n ante el INDAUTOR;<\/li>\n\n\n\n<li>Asesor\u00eda para tramitar la autorizaci\u00f3n para operar como Sociedad de Gesti\u00f3n Colectiva ante el INDAUTOR;<\/li>\n\n\n\n<li>Asesor\u00eda e implementaci\u00f3n de defensa legal mediante Procedimiento de Infracci\u00f3n Administrativa en Materia de Derechos de Autor;<\/li>\n\n\n\n<li>Asesor\u00eda y tramitaci\u00f3n del N\u00famero Internacional Normalizado del Libro (ISBN,  por sus siglas en ingl\u00e9s) y del N\u00famero Internacional Normalizado de Publicaciones Peri\u00f3dicas (ISSN, por sus siglas en ingl\u00e9s).<\/li>\n<\/ul>\n<\/div>\n<\/div>","protected":false},"excerpt":{"rendered":"","protected":false},"author":1,"featured_media":0,"parent":0,"menu_order":0,"comment_status":"closed","ping_status":"closed","template":"","meta":{"footnotes":""},"class_list":["post-207","page","type-page","status-publish","hentry"],"featured_image_url":[],"post_author":"Marcos Josu\u00e9 Vargas Estrada","assigned_categories":"","yoast_head":"<!-- This site is optimized with the Yoast SEO plugin v27.4 - https:\/\/yoast.com\/product\/yoast-seo-wordpress\/ -->\n<title>Propiedad intelectual - JVA Fiscalistas, S.C.<\/title>\n<meta name=\"robots\" content=\"index, follow, max-snippet:-1, max-image-preview:large, max-video-preview:-1\" \/>\n<link rel=\"canonical\" href=\"https:\/\/jvafiscalistas.com\/en\/propiedad-intelectual\/\" \/>\n<meta property=\"og:locale\" content=\"en_US\" \/>\n<meta property=\"og:type\" content=\"article\" \/>\n<meta property=\"og:title\" content=\"Propiedad intelectual - JVA Fiscalistas, S.C.\" \/>\n<meta property=\"og:url\" content=\"https:\/\/jvafiscalistas.com\/en\/propiedad-intelectual\/\" \/>\n<meta property=\"og:site_name\" content=\"JVA Fiscalistas, S.C.\" \/>\n<meta property=\"article:modified_time\" content=\"2025-06-24T03:56:39+00:00\" \/>\n<meta property=\"og:image\" content=\"https:\/\/jvafiscalistas.com\/wp-content\/uploads\/2025\/06\/nick-morrison-FHnnjk1Yj7Y-unsplash-1024x768.jpg\" \/>\n<meta name=\"twitter:card\" content=\"summary_large_image\" \/>\n<meta name=\"twitter:label1\" content=\"Est. reading time\" \/>\n\t<meta name=\"twitter:data1\" content=\"2 minutes\" \/>\n<script type=\"application\/ld+json\" class=\"yoast-schema-graph\">{\"@context\":\"https:\\\/\\\/schema.org\",\"@graph\":[{\"@type\":\"WebPage\",\"@id\":\"https:\\\/\\\/jvafiscalistas.com\\\/propiedad-intelectual\\\/\",\"url\":\"https:\\\/\\\/jvafiscalistas.com\\\/propiedad-intelectual\\\/\",\"name\":\"Propiedad intelectual - JVA Fiscalistas, S.C.\",\"isPartOf\":{\"@id\":\"https:\\\/\\\/jvafiscalistas.com\\\/#website\"},\"primaryImageOfPage\":{\"@id\":\"https:\\\/\\\/jvafiscalistas.com\\\/propiedad-intelectual\\\/#primaryimage\"},\"image\":{\"@id\":\"https:\\\/\\\/jvafiscalistas.com\\\/propiedad-intelectual\\\/#primaryimage\"},\"thumbnailUrl\":\"https:\\\/\\\/jvafiscalistas.com\\\/wp-content\\\/uploads\\\/2025\\\/06\\\/nick-morrison-FHnnjk1Yj7Y-unsplash-1024x768.jpg\",\"datePublished\":\"2022-11-11T08:43:33+00:00\",\"dateModified\":\"2025-06-24T03:56:39+00:00\",\"breadcrumb\":{\"@id\":\"https:\\\/\\\/jvafiscalistas.com\\\/propiedad-intelectual\\\/#breadcrumb\"},\"inLanguage\":\"en-US\",\"potentialAction\":[{\"@type\":\"ReadAction\",\"target\":[\"https:\\\/\\\/jvafiscalistas.com\\\/propiedad-intelectual\\\/\"]}]},{\"@type\":\"ImageObject\",\"inLanguage\":\"en-US\",\"@id\":\"https:\\\/\\\/jvafiscalistas.com\\\/propiedad-intelectual\\\/#primaryimage\",\"url\":\"https:\\\/\\\/jvafiscalistas.com\\\/wp-content\\\/uploads\\\/2025\\\/06\\\/nick-morrison-FHnnjk1Yj7Y-unsplash-1024x768.jpg\",\"contentUrl\":\"https:\\\/\\\/jvafiscalistas.com\\\/wp-content\\\/uploads\\\/2025\\\/06\\\/nick-morrison-FHnnjk1Yj7Y-unsplash-1024x768.jpg\"},{\"@type\":\"BreadcrumbList\",\"@id\":\"https:\\\/\\\/jvafiscalistas.com\\\/propiedad-intelectual\\\/#breadcrumb\",\"itemListElement\":[{\"@type\":\"ListItem\",\"position\":1,\"name\":\"Home\",\"item\":\"https:\\\/\\\/jvafiscalistas.com\\\/\"},{\"@type\":\"ListItem\",\"position\":2,\"name\":\"Propiedad intelectual\"}]},{\"@type\":\"WebSite\",\"@id\":\"https:\\\/\\\/jvafiscalistas.com\\\/#website\",\"url\":\"https:\\\/\\\/jvafiscalistas.com\\\/\",\"name\":\"JVA Fiscalistas, S.C.\",\"description\":\"Despacho especializado en consultor\u00eda de negocios y litigio fiscal\",\"publisher\":{\"@id\":\"https:\\\/\\\/jvafiscalistas.com\\\/#organization\"},\"potentialAction\":[{\"@type\":\"SearchAction\",\"target\":{\"@type\":\"EntryPoint\",\"urlTemplate\":\"https:\\\/\\\/jvafiscalistas.com\\\/?s={search_term_string}\"},\"query-input\":{\"@type\":\"PropertyValueSpecification\",\"valueRequired\":true,\"valueName\":\"search_term_string\"}}],\"inLanguage\":\"en-US\"},{\"@type\":\"Organization\",\"@id\":\"https:\\\/\\\/jvafiscalistas.com\\\/#organization\",\"name\":\"JVA Fiscalistas, S.C.\",\"url\":\"https:\\\/\\\/jvafiscalistas.com\\\/\",\"logo\":{\"@type\":\"ImageObject\",\"inLanguage\":\"en-US\",\"@id\":\"https:\\\/\\\/jvafiscalistas.com\\\/#\\\/schema\\\/logo\\\/image\\\/\",\"url\":\"https:\\\/\\\/jvafiscalistas.com\\\/wp-content\\\/uploads\\\/2022\\\/11\\\/cropped-LOGO-PNG-e1730273159535.png\",\"contentUrl\":\"https:\\\/\\\/jvafiscalistas.com\\\/wp-content\\\/uploads\\\/2022\\\/11\\\/cropped-LOGO-PNG-e1730273159535.png\",\"width\":100,\"height\":100,\"caption\":\"JVA Fiscalistas, S.C.\"},\"image\":{\"@id\":\"https:\\\/\\\/jvafiscalistas.com\\\/#\\\/schema\\\/logo\\\/image\\\/\"}}]}<\/script>\n<!-- \/ Yoast SEO plugin. -->","yoast_head_json":{"title":"Propiedad intelectual - JVA Fiscalistas, S.C.","robots":{"index":"index","follow":"follow","max-snippet":"max-snippet:-1","max-image-preview":"max-image-preview:large","max-video-preview":"max-video-preview:-1"},"canonical":"https:\/\/jvafiscalistas.com\/en\/propiedad-intelectual\/","og_locale":"en_US","og_type":"article","og_title":"Propiedad intelectual - JVA Fiscalistas, S.C.","og_url":"https:\/\/jvafiscalistas.com\/en\/propiedad-intelectual\/","og_site_name":"JVA Fiscalistas, S.C.","article_modified_time":"2025-06-24T03:56:39+00:00","og_image":[{"url":"https:\/\/jvafiscalistas.com\/wp-content\/uploads\/2025\/06\/nick-morrison-FHnnjk1Yj7Y-unsplash-1024x768.jpg","type":"","width":"","height":""}],"twitter_card":"summary_large_image","twitter_misc":{"Est. reading time":"2 minutes"},"schema":{"@context":"https:\/\/schema.org","@graph":[{"@type":"WebPage","@id":"https:\/\/jvafiscalistas.com\/propiedad-intelectual\/","url":"https:\/\/jvafiscalistas.com\/propiedad-intelectual\/","name":"Propiedad intelectual - JVA Fiscalistas, S.C.","isPartOf":{"@id":"https:\/\/jvafiscalistas.com\/#website"},"primaryImageOfPage":{"@id":"https:\/\/jvafiscalistas.com\/propiedad-intelectual\/#primaryimage"},"image":{"@id":"https:\/\/jvafiscalistas.com\/propiedad-intelectual\/#primaryimage"},"thumbnailUrl":"https:\/\/jvafiscalistas.com\/wp-content\/uploads\/2025\/06\/nick-morrison-FHnnjk1Yj7Y-unsplash-1024x768.jpg","datePublished":"2022-11-11T08:43:33+00:00","dateModified":"2025-06-24T03:56:39+00:00","breadcrumb":{"@id":"https:\/\/jvafiscalistas.com\/propiedad-intelectual\/#breadcrumb"},"inLanguage":"en-US","potentialAction":[{"@type":"ReadAction","target":["https:\/\/jvafiscalistas.com\/propiedad-intelectual\/"]}]},{"@type":"ImageObject","inLanguage":"en-US","@id":"https:\/\/jvafiscalistas.com\/propiedad-intelectual\/#primaryimage","url":"https:\/\/jvafiscalistas.com\/wp-content\/uploads\/2025\/06\/nick-morrison-FHnnjk1Yj7Y-unsplash-1024x768.jpg","contentUrl":"https:\/\/jvafiscalistas.com\/wp-content\/uploads\/2025\/06\/nick-morrison-FHnnjk1Yj7Y-unsplash-1024x768.jpg"},{"@type":"BreadcrumbList","@id":"https:\/\/jvafiscalistas.com\/propiedad-intelectual\/#breadcrumb","itemListElement":[{"@type":"ListItem","position":1,"name":"Home","item":"https:\/\/jvafiscalistas.com\/"},{"@type":"ListItem","position":2,"name":"Propiedad intelectual"}]},{"@type":"WebSite","@id":"https:\/\/jvafiscalistas.com\/#website","url":"https:\/\/jvafiscalistas.com\/","name":"JVA Fiscalistas, S.C.","description":"Despacho especializado en consultor\u00eda de negocios y litigio fiscal","publisher":{"@id":"https:\/\/jvafiscalistas.com\/#organization"},"potentialAction":[{"@type":"SearchAction","target":{"@type":"EntryPoint","urlTemplate":"https:\/\/jvafiscalistas.com\/?s={search_term_string}"},"query-input":{"@type":"PropertyValueSpecification","valueRequired":true,"valueName":"search_term_string"}}],"inLanguage":"en-US"},{"@type":"Organization","@id":"https:\/\/jvafiscalistas.com\/#organization","name":"JVA Fiscalistas, S.C.","url":"https:\/\/jvafiscalistas.com\/","logo":{"@type":"ImageObject","inLanguage":"en-US","@id":"https:\/\/jvafiscalistas.com\/#\/schema\/logo\/image\/","url":"https:\/\/jvafiscalistas.com\/wp-content\/uploads\/2022\/11\/cropped-LOGO-PNG-e1730273159535.png","contentUrl":"https:\/\/jvafiscalistas.com\/wp-content\/uploads\/2022\/11\/cropped-LOGO-PNG-e1730273159535.png","width":100,"height":100,"caption":"JVA Fiscalistas, S.C."},"image":{"@id":"https:\/\/jvafiscalistas.com\/#\/schema\/logo\/image\/"}}]}},"jetpack-related-posts":[{"id":43,"url":"https:\/\/jvafiscalistas.com\/en\/soluciones\/","url_meta":{"origin":207,"position":0},"title":"Soluciones","author":"josuevargas7","date":"November 10, 2022","format":false,"excerpt":"Soluciones legales y empresariales Derecho fiscal Derecho administrativo Derecho corporativo Propiedad intelectual Contabilidad e impuestos Finanzas corporativas Formaci\u00f3n en Derechos Humanos y Derecho Fiscal para el Desarrollo Empresarial | JVA Instituto","rel":"","context":"Similar post","block_context":{"text":"Similar post","link":""},"img":{"alt_text":"","src":"https:\/\/i0.wp.com\/jvafiscalistas.com\/wp-content\/uploads\/2022\/11\/ant-rozetsky-HXOllTSwrpM-unsplash-1024x576.webp?resize=350%2C200&ssl=1","width":350,"height":200,"srcset":"https:\/\/i0.wp.com\/jvafiscalistas.com\/wp-content\/uploads\/2022\/11\/ant-rozetsky-HXOllTSwrpM-unsplash-1024x576.webp?resize=350%2C200&ssl=1 1x, https:\/\/i0.wp.com\/jvafiscalistas.com\/wp-content\/uploads\/2022\/11\/ant-rozetsky-HXOllTSwrpM-unsplash-1024x576.webp?resize=525%2C300&ssl=1 1.5x, https:\/\/i0.wp.com\/jvafiscalistas.com\/wp-content\/uploads\/2022\/11\/ant-rozetsky-HXOllTSwrpM-unsplash-1024x576.webp?resize=700%2C400&ssl=1 2x"},"classes":[]}],"jetpack_sharing_enabled":true,"_links":{"self":[{"href":"https:\/\/jvafiscalistas.com\/en\/wp-json\/wp\/v2\/pages\/207","targetHints":{"allow":["GET"]}}],"collection":[{"href":"https:\/\/jvafiscalistas.com\/en\/wp-json\/wp\/v2\/pages"}],"about":[{"href":"https:\/\/jvafiscalistas.com\/en\/wp-json\/wp\/v2\/types\/page"}],"author":[{"embeddable":true,"href":"https:\/\/jvafiscalistas.com\/en\/wp-json\/wp\/v2\/users\/1"}],"replies":[{"embeddable":true,"href":"https:\/\/jvafiscalistas.com\/en\/wp-json\/wp\/v2\/comments?post=207"}],"version-history":[{"count":4,"href":"https:\/\/jvafiscalistas.com\/en\/wp-json\/wp\/v2\/pages\/207\/revisions"}],"predecessor-version":[{"id":881,"href":"https:\/\/jvafiscalistas.com\/en\/wp-json\/wp\/v2\/pages\/207\/revisions\/881"}],"wp:attachment":[{"href":"https:\/\/jvafiscalistas.com\/en\/wp-json\/wp\/v2\/media?parent=207"}],"curies":[{"name":"wp","href":"https:\/\/api.w.org\/{rel}","templated":true}]}}